{"id":329,"date":"2025-04-01T00:04:39","date_gmt":"2025-03-31T22:04:39","guid":{"rendered":"https:\/\/edgarus.com\/?page_id=329"},"modified":"2025-04-25T09:48:24","modified_gmt":"2025-04-25T07:48:24","slug":"postarzane-materialy","status":"publish","type":"page","link":"https:\/\/edgarus.com\/?page_id=329","title":{"rendered":"Postarzane Materia\u0142y"},"content":{"rendered":"\t\t<div data-elementor-type=\"wp-page\" data-elementor-id=\"329\" class=\"elementor elementor-329\">\n\t\t\t\t<div class=\"elementor-element elementor-element-d6ff8d9 e-flex e-con-boxed e-con e-parent\" data-id=\"d6ff8d9\" data-element_type=\"container\">\n\t\t\t\t\t<div class=\"e-con-inner\">\n\t\t\t\t<div class=\"elementor-element elementor-element-9987578 elementor-widget elementor-widget-shortcode\" data-id=\"9987578\" data-element_type=\"widget\" data-widget_type=\"shortcode.default\">\n\t\t\t\t<div class=\"elementor-widget-container\">\n\t\t\t\t\t\t\t<div class=\"elementor-shortcode\"><div class=\"woocommerce columns-3 \"><ul class=\"products columns-3\">\n<li class=\"product type-product post-1217 status-publish first instock product_cat-postarzane-materialy product_tag-antike-granitplatten product_tag-edgarus-granit product_tag-granit-bodenplatten product_tag-granit-gehwegplatten product_tag-granit-terrassenplatten product_tag-granitplatten-rustikal product_tag-naturstein-granitplatten has-post-thumbnail shipping-taxable product-type-simple\">\n\t<div class=\"nv-card-content-wrapper\"><a href=\"https:\/\/edgarus.com\/?product=granitowe-plyty-podlogowe-postarzane-8-cm-plyty-tarasowe-z-granitu\" class=\"woocommerce-LoopProduct-link woocommerce-loop-product__link\"><div class=\"sp-product-image \"><div class=\"img-wrap\"><img fetchpriority=\"high\" decoding=\"async\" width=\"300\" height=\"300\" src=\"https:\/\/edgarus.com\/wp-content\/uploads\/2026\/01\/869e2c78-7a27-46de-82b4-a3fe167100fb-300x300.jpg\" class=\"attachment-woocommerce_thumbnail size-woocommerce_thumbnail\" alt=\"Granitowe p\u0142yty pod\u0142ogowe postarzane 8 cm \u2013 p\u0142yty tarasowe z granitu\" srcset=\"https:\/\/edgarus.com\/wp-content\/uploads\/2026\/01\/869e2c78-7a27-46de-82b4-a3fe167100fb-300x300.jpg 300w, https:\/\/edgarus.com\/wp-content\/uploads\/2026\/01\/869e2c78-7a27-46de-82b4-a3fe167100fb-150x150.jpg 150w, https:\/\/edgarus.com\/wp-content\/uploads\/2026\/01\/869e2c78-7a27-46de-82b4-a3fe167100fb-100x100.jpg 100w\" sizes=\"(max-width: 300px) 100vw, 300px\" \/><\/div><\/div><h2 class=\"woocommerce-loop-product__title\">Granitowe p\u0142yty pod\u0142ogowe postarzane 8 cm \u2013 p\u0142yty tarasowe z granitu<\/h2>\n<\/a>\t<span id=\"woocommerce_loop_add_to_cart_link_describedby_1217\" class=\"screen-reader-text\">\n\t\t\t<\/span>\n<\/div><\/li>\n<li class=\"product type-product post-686 status-publish instock product_cat-postarzane-materialy has-post-thumbnail shipping-taxable product-type-simple\">\n\t<div class=\"nv-card-content-wrapper\"><a href=\"https:\/\/edgarus.com\/?product=kostka-granitowa-otaczana-9x11\" class=\"woocommerce-LoopProduct-link woocommerce-loop-product__link\"><div class=\"sp-product-image \"><div class=\"img-wrap\"><img decoding=\"async\" width=\"300\" height=\"300\" src=\"https:\/\/edgarus.com\/wp-content\/uploads\/2025\/12\/6e4342d0-1e74-42f6-9cdc-635adb16adaf-300x300.jpg\" class=\"attachment-woocommerce_thumbnail size-woocommerce_thumbnail\" alt=\"Kostka Granitowa Otaczana Postarzana 9\u00d711 cm \u2013 szaro-\u017c\u00f3\u0142to-rdzawa\" srcset=\"https:\/\/edgarus.com\/wp-content\/uploads\/2025\/12\/6e4342d0-1e74-42f6-9cdc-635adb16adaf-300x300.jpg 300w, https:\/\/edgarus.com\/wp-content\/uploads\/2025\/12\/6e4342d0-1e74-42f6-9cdc-635adb16adaf-150x150.jpg 150w, https:\/\/edgarus.com\/wp-content\/uploads\/2025\/12\/6e4342d0-1e74-42f6-9cdc-635adb16adaf-100x100.jpg 100w\" sizes=\"(max-width: 300px) 100vw, 300px\" \/><\/div><\/div><h2 class=\"woocommerce-loop-product__title\">Kostka Granitowa Otaczana Postarzana 9\u00d711 cm \u2013 szaro-\u017c\u00f3\u0142to-rdzawa<\/h2>\n<\/a>\t<span id=\"woocommerce_loop_add_to_cart_link_describedby_686\" class=\"screen-reader-text\">\n\t\t\t<\/span>\n<\/div><\/li>\n<li class=\"product type-product post-651 status-publish last instock product_cat-postarzane-materialy product_tag-antyczny-granit product_tag-eleganckie-plyty-granitowe product_tag-granit-na-taras product_tag-granit-postarzana-powierzchnia product_tag-granit-rustykalny product_tag-kamien-naturalny-postarzenie product_tag-plyty-brukowe-granit product_tag-plyty-granitowe-postarzone product_tag-plyty-na-dziedziniec product_tag-plyty-ogrodowe-granitowe product_tag-postarzane-plyty-granitowe product_tag-renowacja-ogrodu-plyty product_tag-styl-antyczny-kamien product_tag-taras-granitowy-postarzany has-post-thumbnail shipping-taxable product-type-simple\">\n\t<div class=\"nv-card-content-wrapper\"><a href=\"https:\/\/edgarus.com\/?product=postarzane-plyty-granitowe\" class=\"woocommerce-LoopProduct-link woocommerce-loop-product__link\"><div class=\"sp-product-image \"><div class=\"img-wrap\"><img decoding=\"async\" width=\"300\" height=\"300\" src=\"https:\/\/edgarus.com\/wp-content\/uploads\/2025\/12\/9581ca60-8058-4fbb-ac15-97ac616cbad0-300x300.jpg\" class=\"attachment-woocommerce_thumbnail size-woocommerce_thumbnail\" alt=\"Profesjonalnie Postarzane P\u0142yty Granitowe \u2013 luksusowy efekt antyku\" srcset=\"https:\/\/edgarus.com\/wp-content\/uploads\/2025\/12\/9581ca60-8058-4fbb-ac15-97ac616cbad0-300x300.jpg 300w, https:\/\/edgarus.com\/wp-content\/uploads\/2025\/12\/9581ca60-8058-4fbb-ac15-97ac616cbad0-150x150.jpg 150w, https:\/\/edgarus.com\/wp-content\/uploads\/2025\/12\/9581ca60-8058-4fbb-ac15-97ac616cbad0-100x100.jpg 100w\" sizes=\"(max-width: 300px) 100vw, 300px\" \/><\/div><\/div><h2 class=\"woocommerce-loop-product__title\">Profesjonalnie Postarzane P\u0142yty Granitowe \u2013 luksusowy efekt antyku<\/h2>\n<\/a>\t<span id=\"woocommerce_loop_add_to_cart_link_describedby_651\" class=\"screen-reader-text\">\n\t\t\t<\/span>\n<\/div><\/li>\n<\/ul>\n<\/div><\/div>\n\t\t\t\t\t\t<\/div>\n\t\t\t\t<\/div>\n\t\t\t\t\t<\/div>\n\t\t\t\t<\/div>\n\t\t\t\t<\/div>\n\t\t","protected":false},"excerpt":{"rendered":"","protected":false},"author":1,"featured_media":0,"parent":0,"menu_order":0,"comment_status":"closed","ping_status":"closed","template":"page-templates\/template-pagebuilder-full-width.php","meta":{"neve_meta_sidebar":"","neve_meta_container":"","neve_meta_enable_content_width":"","neve_meta_content_width":0,"neve_meta_title_alignment":"","neve_meta_author_avatar":"","neve_post_elements_order":"","neve_meta_disable_header":"","neve_meta_disable_footer":"","neve_meta_disable_title":"","footnotes":""},"class_list":["post-329","page","type-page","status-publish","hentry"],"yoast_head":"<!-- This site is optimized with the Yoast SEO plugin v26.6 - https:\/\/yoast.com\/wordpress\/plugins\/seo\/ -->\n<title>Postarzane Materia\u0142y - EDGARUS Postarzane materia\u0142y granitowe efekt vintage<\/title>\n<meta name=\"description\" content=\"Nowy granit stylizowany na stary \u2013 efekt postarzenia dzi\u0119ki obr\u00f3bce. Kostka, p\u0142yty i elementy rustykalne. Naturalny wygl\u0105d, nowoczesna jako\u015b\u0107.\" \/>\n<meta name=\"robots\" content=\"index, follow, max-snippet:-1, max-image-preview:large, max-video-preview:-1\" \/>\n<link rel=\"canonical\" href=\"https:\/\/edgarus.com\/?page_id=329\" \/>\n<meta property=\"og:locale\" content=\"pl_PL\" \/>\n<meta property=\"og:type\" content=\"article\" \/>\n<meta property=\"og:title\" content=\"Postarzane Materia\u0142y - EDGARUS Postarzane materia\u0142y granitowe efekt vintage\" \/>\n<meta property=\"og:description\" content=\"Nowy granit stylizowany na stary \u2013 efekt postarzenia dzi\u0119ki obr\u00f3bce. Kostka, p\u0142yty i elementy rustykalne. Naturalny wygl\u0105d, nowoczesna jako\u015b\u0107.\" \/>\n<meta property=\"og:url\" content=\"https:\/\/edgarus.com\/?page_id=329\" \/>\n<meta property=\"og:site_name\" content=\"EDGARUS\" \/>\n<meta property=\"article:modified_time\" content=\"2025-04-25T07:48:24+00:00\" \/>\n<meta name=\"twitter:card\" content=\"summary_large_image\" \/>\n<script type=\"application\/ld+json\" class=\"yoast-schema-graph\">{\"@context\":\"https:\/\/schema.org\",\"@graph\":[{\"@type\":\"WebPage\",\"@id\":\"https:\/\/edgarus.com\/?page_id=329\",\"url\":\"https:\/\/edgarus.com\/?page_id=329\",\"name\":\"Postarzane Materia\u0142y - EDGARUS Postarzane materia\u0142y granitowe efekt vintage\",\"isPartOf\":{\"@id\":\"https:\/\/edgarus.com\/#website\"},\"datePublished\":\"2025-03-31T22:04:39+00:00\",\"dateModified\":\"2025-04-25T07:48:24+00:00\",\"description\":\"Nowy granit stylizowany na stary \u2013 efekt postarzenia dzi\u0119ki obr\u00f3bce. Kostka, p\u0142yty i elementy rustykalne. Naturalny wygl\u0105d, nowoczesna jako\u015b\u0107.\",\"breadcrumb\":{\"@id\":\"https:\/\/edgarus.com\/?page_id=329#breadcrumb\"},\"inLanguage\":\"pl-PL\",\"potentialAction\":[{\"@type\":\"ReadAction\",\"target\":[\"https:\/\/edgarus.com\/?page_id=329\"]}]},{\"@type\":\"BreadcrumbList\",\"@id\":\"https:\/\/edgarus.com\/?page_id=329#breadcrumb\",\"itemListElement\":[{\"@type\":\"ListItem\",\"position\":1,\"name\":\"Strona g\u0142\u00f3wna\",\"item\":\"https:\/\/edgarus.com\/\"},{\"@type\":\"ListItem\",\"position\":2,\"name\":\"Postarzane Materia\u0142y\"}]},{\"@type\":\"WebSite\",\"@id\":\"https:\/\/edgarus.com\/#website\",\"url\":\"https:\/\/edgarus.com\/\",\"name\":\"EDGARUS\",\"description\":\"Z natury niezwyk\u0142e, z historii wieczne\",\"potentialAction\":[{\"@type\":\"SearchAction\",\"target\":{\"@type\":\"EntryPoint\",\"urlTemplate\":\"https:\/\/edgarus.com\/?s={search_term_string}\"},\"query-input\":{\"@type\":\"PropertyValueSpecification\",\"valueRequired\":true,\"valueName\":\"search_term_string\"}}],\"inLanguage\":\"pl-PL\"}]}<\/script>\n<!-- \/ Yoast SEO plugin. -->","yoast_head_json":{"title":"Postarzane Materia\u0142y - EDGARUS Postarzane materia\u0142y granitowe efekt vintage","description":"Nowy granit stylizowany na stary \u2013 efekt postarzenia dzi\u0119ki obr\u00f3bce. Kostka, p\u0142yty i elementy rustykalne. Naturalny wygl\u0105d, nowoczesna jako\u015b\u0107.","robots":{"index":"index","follow":"follow","max-snippet":"max-snippet:-1","max-image-preview":"max-image-preview:large","max-video-preview":"max-video-preview:-1"},"canonical":"https:\/\/edgarus.com\/?page_id=329","og_locale":"pl_PL","og_type":"article","og_title":"Postarzane Materia\u0142y - EDGARUS Postarzane materia\u0142y granitowe efekt vintage","og_description":"Nowy granit stylizowany na stary \u2013 efekt postarzenia dzi\u0119ki obr\u00f3bce. Kostka, p\u0142yty i elementy rustykalne. Naturalny wygl\u0105d, nowoczesna jako\u015b\u0107.","og_url":"https:\/\/edgarus.com\/?page_id=329","og_site_name":"EDGARUS","article_modified_time":"2025-04-25T07:48:24+00:00","twitter_card":"summary_large_image","schema":{"@context":"https:\/\/schema.org","@graph":[{"@type":"WebPage","@id":"https:\/\/edgarus.com\/?page_id=329","url":"https:\/\/edgarus.com\/?page_id=329","name":"Postarzane Materia\u0142y - EDGARUS Postarzane materia\u0142y granitowe efekt vintage","isPartOf":{"@id":"https:\/\/edgarus.com\/#website"},"datePublished":"2025-03-31T22:04:39+00:00","dateModified":"2025-04-25T07:48:24+00:00","description":"Nowy granit stylizowany na stary \u2013 efekt postarzenia dzi\u0119ki obr\u00f3bce. Kostka, p\u0142yty i elementy rustykalne. Naturalny wygl\u0105d, nowoczesna jako\u015b\u0107.","breadcrumb":{"@id":"https:\/\/edgarus.com\/?page_id=329#breadcrumb"},"inLanguage":"pl-PL","potentialAction":[{"@type":"ReadAction","target":["https:\/\/edgarus.com\/?page_id=329"]}]},{"@type":"BreadcrumbList","@id":"https:\/\/edgarus.com\/?page_id=329#breadcrumb","itemListElement":[{"@type":"ListItem","position":1,"name":"Strona g\u0142\u00f3wna","item":"https:\/\/edgarus.com\/"},{"@type":"ListItem","position":2,"name":"Postarzane Materia\u0142y"}]},{"@type":"WebSite","@id":"https:\/\/edgarus.com\/#website","url":"https:\/\/edgarus.com\/","name":"EDGARUS","description":"Z natury niezwyk\u0142e, z historii wieczne","potentialAction":[{"@type":"SearchAction","target":{"@type":"EntryPoint","urlTemplate":"https:\/\/edgarus.com\/?s={search_term_string}"},"query-input":{"@type":"PropertyValueSpecification","valueRequired":true,"valueName":"search_term_string"}}],"inLanguage":"pl-PL"}]}},"_links":{"self":[{"href":"https:\/\/edgarus.com\/index.php?rest_route=\/wp\/v2\/pages\/329","targetHints":{"allow":["GET"]}}],"collection":[{"href":"https:\/\/edgarus.com\/index.php?rest_route=\/wp\/v2\/pages"}],"about":[{"href":"https:\/\/edgarus.com\/index.php?rest_route=\/wp\/v2\/types\/page"}],"author":[{"embeddable":true,"href":"https:\/\/edgarus.com\/index.php?rest_route=\/wp\/v2\/users\/1"}],"replies":[{"embeddable":true,"href":"https:\/\/edgarus.com\/index.php?rest_route=%2Fwp%2Fv2%2Fcomments&post=329"}],"version-history":[{"count":4,"href":"https:\/\/edgarus.com\/index.php?rest_route=\/wp\/v2\/pages\/329\/revisions"}],"predecessor-version":[{"id":534,"href":"https:\/\/edgarus.com\/index.php?rest_route=\/wp\/v2\/pages\/329\/revisions\/534"}],"wp:attachment":[{"href":"https:\/\/edgarus.com\/index.php?rest_route=%2Fwp%2Fv2%2Fmedia&parent=329"}],"curies":[{"name":"wp","href":"https:\/\/api.w.org\/{rel}","templated":true}]}}