{"id":1044,"date":"2025-12-18T12:57:34","date_gmt":"2025-12-18T11:57:34","guid":{"rendered":"https:\/\/edgarus.com\/?post_type=product&#038;p=1044"},"modified":"2025-12-18T12:57:34","modified_gmt":"2025-12-18T11:57:34","slug":"antyczne-ceglane-plytki-elewacyjne-cegla-retro-reichsformat","status":"publish","type":"product","link":"https:\/\/edgarus.com\/?product=antyczne-ceglane-plytki-elewacyjne-cegla-retro-reichsformat","title":{"rendered":"Antyczne ceglane p\u0142ytki elewacyjne \u2013 ceg\u0142a retro, Reichsformat"},"content":{"rendered":"<h3 data-start=\"1505\" data-end=\"1531\">Transport i logistyka:<\/h3>\n<ul data-start=\"1532\" data-end=\"1707\">\n<li data-start=\"1532\" data-end=\"1557\">\n<p data-start=\"1534\" data-end=\"1557\">dostawy na terenie UE<\/p>\n<\/li>\n<li data-start=\"1558\" data-end=\"1596\">\n<p data-start=\"1560\" data-end=\"1596\">mo\u017cliwo\u015b\u0107 odbioru wi\u0119kszych ilo\u015bci<\/p>\n<\/li>\n<li data-start=\"1597\" data-end=\"1641\">\n<p data-start=\"1599\" data-end=\"1641\">koszty transportu ustalane indywidualnie<\/p>\n<\/li>\n<li data-start=\"1642\" data-end=\"1707\">\n<p data-start=\"1644\" data-end=\"1707\">wymagany w\u00f3zek wid\u0142owy do roz\u0142adunku przy wi\u0119kszych dostawach<\/p>\n<\/li>\n<\/ul>\n<h3 data-start=\"1709\" data-end=\"1736\">Informacja materia\u0142owa:<\/h3>\n<p data-start=\"1737\" data-end=\"1921\">Ze wzgl\u0119du na <strong data-start=\"1751\" data-end=\"1797\">naturalne pochodzenie i charakter antyczny<\/strong>, mo\u017cliwe s\u0105 r\u00f3\u017cnice w kolorze, strukturze i wymiarach. R\u00f3\u017cnice te stanowi\u0105 cech\u0119 materia\u0142u i nie s\u0105 podstaw\u0105 do reklamacji.<\/p>\n","protected":false},"excerpt":{"rendered":"<p data-start=\"543\" data-end=\"765\">Oferujemy <strong data-start=\"553\" data-end=\"594\">antyczne ceglane p\u0142ytki (ceg\u0142a retro)<\/strong> w klasycznym <strong data-start=\"608\" data-end=\"633\">formacie Reichsformat<\/strong>, o wymiarach ok. <strong data-start=\"651\" data-end=\"673\">25\u201326 \u00d7 6,5 \u00d7 2 cm<\/strong>. Materia\u0142 zachowuje charakter starej ceg\u0142y i doskonale oddaje estetyk\u0119 historycznych mur\u00f3w.<\/p>\n<p data-start=\"767\" data-end=\"969\">P\u0142ytki pakowane s\u0105 w <strong data-start=\"788\" data-end=\"813\">skrzynki transportowe<\/strong>, ka\u017cda skrzynka zawiera ok. <strong data-start=\"842\" data-end=\"852\">0,6 m\u00b2<\/strong> materia\u0142u. Produkt przeznaczony jest zar\u00f3wno do zastosowa\u0144 indywidualnych, jak i do realizacji wi\u0119kszych inwestycji.<\/p>\n<h3 data-start=\"971\" data-end=\"999\">Specyfikacja techniczna:<\/h3>\n<ul data-start=\"1000\" data-end=\"1181\">\n<li data-start=\"1000\" data-end=\"1029\">\n<p data-start=\"1002\" data-end=\"1029\">materia\u0142: ceg\u0142a naturalna<\/p>\n<\/li>\n<li data-start=\"1030\" data-end=\"1070\">\n<p data-start=\"1032\" data-end=\"1070\">charakter: materia\u0142 antyczny \/ retro<\/p>\n<\/li>\n<li data-start=\"1071\" data-end=\"1120\">\n<p data-start=\"1073\" data-end=\"1120\">format: <strong data-start=\"1081\" data-end=\"1118\">25\u201326 \u00d7 6,5 \u00d7 2 cm (Reichsformat)<\/strong><\/p>\n<\/li>\n<li data-start=\"1121\" data-end=\"1152\">\n<p data-start=\"1123\" data-end=\"1152\">zu\u017cycie: <strong data-start=\"1132\" data-end=\"1150\">52 szt. \/ 1 m\u00b2<\/strong><\/p>\n<\/li>\n<li data-start=\"1153\" data-end=\"1181\">\n<p data-start=\"1155\" data-end=\"1181\">waga: ok. <strong data-start=\"1165\" data-end=\"1181\">29 kg \/ 1 m\u00b2<\/strong><\/p>\n<\/li>\n<\/ul>\n<h3 data-start=\"1183\" data-end=\"1192\">Cena:<\/h3>\n<ul data-start=\"1193\" data-end=\"1253\">\n<li data-start=\"1193\" data-end=\"1221\">\n<p data-start=\"1195\" data-end=\"1221\"><strong data-start=\"1195\" data-end=\"1219\">39,00 \u20ac netto \/ 1 m\u00b2<\/strong><\/p>\n<\/li>\n<li data-start=\"1222\" data-end=\"1253\">\n<p data-start=\"1224\" data-end=\"1253\"><strong data-start=\"1224\" data-end=\"1253\">3 900,00 \u20ac netto \/ 100 m\u00b2<\/strong><\/p>\n<\/li>\n<\/ul>\n<p data-start=\"1255\" data-end=\"1315\">Dost\u0119pne r\u00f3wnie\u017c <strong data-start=\"1272\" data-end=\"1312\">dopasowane naro\u017cniki (ceg\u0142a naro\u017cna)<\/strong>:<\/p>\n<ul data-start=\"1316\" data-end=\"1343\">\n<li data-start=\"1316\" data-end=\"1343\">\n<p data-start=\"1318\" data-end=\"1343\"><strong data-start=\"1318\" data-end=\"1343\">2,90 \u20ac netto \/ 1 szt.<\/strong><\/p>\n<\/li>\n<\/ul>\n<p data-start=\"1345\" data-end=\"1446\">Cena netto dotyczy firm posiadaj\u0105cych numer VAT UE.<br data-start=\"1396\" data-end=\"1399\" \/>Dla klient\u00f3w prywatnych doliczany jest VAT 19%.<\/p>\n<h3 data-start=\"1448\" data-end=\"1463\">Dost\u0119pno\u015b\u0107:<\/h3>\n<ul data-start=\"1464\" data-end=\"1503\">\n<li data-start=\"1464\" data-end=\"1503\">\n<p data-start=\"1466\" data-end=\"1503\">sta\u0142y stan magazynowy: <strong data-start=\"1489\" data-end=\"1503\">ok. 500 m\u00b2<\/strong><\/p>\n<\/li>\n<\/ul>\n","protected":false},"featured_media":1051,"comment_status":"open","ping_status":"closed","template":"","meta":{"neve_meta_sidebar":"","neve_meta_container":"","neve_meta_enable_content_width":"off","neve_meta_content_width":100,"neve_meta_title_alignment":"","neve_meta_author_avatar":"","neve_post_elements_order":"","neve_meta_disable_header":"","neve_meta_disable_footer":"","neve_meta_disable_title":""},"product_brand":[],"product_cat":[19],"product_tag":[329,322,319,323,326,331,297,324,328,321,327,330,320,325],"class_list":{"0":"post-1044","1":"product","2":"type-product","3":"status-publish","4":"has-post-thumbnail","6":"product_cat-antyczne-materialy","7":"product_tag-antike-wandverkleidung","8":"product_tag-antike-ziegelplatten","9":"product_tag-antike-ziegelriemchen","10":"product_tag-backstein-riemchen","11":"product_tag-backsteinoptik","12":"product_tag-baustoffhandel-europa","13":"product_tag-historische-baustoffe","14":"product_tag-historische-ziegel","15":"product_tag-naturbaustoffe","16":"product_tag-reichsformat-ziegel","17":"product_tag-ziegel-b2b","18":"product_tag-ziegelriemchen-groshandel","19":"product_tag-ziegelriemchen-retro","20":"product_tag-ziegelverblender-antik","22":"first","23":"instock","24":"shipping-taxable","25":"product-type-simple"},"yoast_head":"<!-- This site is optimized with the Yoast SEO plugin v26.6 - https:\/\/yoast.com\/wordpress\/plugins\/seo\/ -->\n<title>Antyczne ceglane p\u0142ytki elewacyjne \u2013 ceg\u0142a retro, Reichsformat - EDGARUS Antike Ziegelriemchen Retro | Reichsformat 25\u201326 cm<\/title>\n<meta name=\"description\" content=\"Antike Ziegelriemchen im Reichsformat 25\u201326 \u00d7 6,5 \u00d7 2 cm. Retro-Optik, ca. 52 St\u00fcck pro m\u00b2. Gro\u00dfe Mengen verf\u00fcgbar. Lieferung EU-weit.\" \/>\n<meta name=\"robots\" content=\"index, follow, max-snippet:-1, max-image-preview:large, max-video-preview:-1\" \/>\n<link rel=\"canonical\" href=\"https:\/\/edgarus.com\/?product=antyczne-ceglane-plytki-elewacyjne-cegla-retro-reichsformat\" \/>\n<meta property=\"og:locale\" content=\"pl_PL\" \/>\n<meta property=\"og:type\" content=\"article\" \/>\n<meta property=\"og:title\" content=\"Antyczne ceglane p\u0142ytki elewacyjne \u2013 ceg\u0142a retro, Reichsformat - EDGARUS Antike Ziegelriemchen Retro | Reichsformat 25\u201326 cm\" \/>\n<meta property=\"og:description\" content=\"Antike Ziegelriemchen im Reichsformat 25\u201326 \u00d7 6,5 \u00d7 2 cm. Retro-Optik, ca. 52 St\u00fcck pro m\u00b2. Gro\u00dfe Mengen verf\u00fcgbar. Lieferung EU-weit.\" \/>\n<meta property=\"og:url\" content=\"https:\/\/edgarus.com\/?product=antyczne-ceglane-plytki-elewacyjne-cegla-retro-reichsformat\" \/>\n<meta property=\"og:site_name\" content=\"EDGARUS\" \/>\n<meta name=\"twitter:card\" content=\"summary_large_image\" \/>\n<meta name=\"twitter:label1\" content=\"Szacowany czas czytania\" \/>\n\t<meta name=\"twitter:data1\" content=\"1 minuta\" \/>\n<script type=\"application\/ld+json\" class=\"yoast-schema-graph\">{\"@context\":\"https:\/\/schema.org\",\"@graph\":[{\"@type\":\"WebPage\",\"@id\":\"https:\/\/edgarus.com\/?product=antyczne-ceglane-plytki-elewacyjne-cegla-retro-reichsformat\",\"url\":\"https:\/\/edgarus.com\/?product=antyczne-ceglane-plytki-elewacyjne-cegla-retro-reichsformat\",\"name\":\"Antyczne ceglane p\u0142ytki elewacyjne \u2013 ceg\u0142a retro, Reichsformat - EDGARUS Antike Ziegelriemchen Retro | Reichsformat 25\u201326 cm\",\"isPartOf\":{\"@id\":\"https:\/\/edgarus.com\/#website\"},\"primaryImageOfPage\":{\"@id\":\"https:\/\/edgarus.com\/?product=antyczne-ceglane-plytki-elewacyjne-cegla-retro-reichsformat#primaryimage\"},\"image\":{\"@id\":\"https:\/\/edgarus.com\/?product=antyczne-ceglane-plytki-elewacyjne-cegla-retro-reichsformat#primaryimage\"},\"thumbnailUrl\":\"https:\/\/edgarus.com\/wp-content\/uploads\/2025\/12\/a35ab8c8-3c1d-4e5f-9dfa-ea2b7656d185.avif\",\"datePublished\":\"2025-12-18T11:57:34+00:00\",\"description\":\"Antike Ziegelriemchen im Reichsformat 25\u201326 \u00d7 6,5 \u00d7 2 cm. Retro-Optik, ca. 52 St\u00fcck pro m\u00b2. Gro\u00dfe Mengen verf\u00fcgbar. Lieferung EU-weit.\",\"breadcrumb\":{\"@id\":\"https:\/\/edgarus.com\/?product=antyczne-ceglane-plytki-elewacyjne-cegla-retro-reichsformat#breadcrumb\"},\"inLanguage\":\"pl-PL\",\"potentialAction\":[{\"@type\":\"ReadAction\",\"target\":[\"https:\/\/edgarus.com\/?product=antyczne-ceglane-plytki-elewacyjne-cegla-retro-reichsformat\"]}]},{\"@type\":\"ImageObject\",\"inLanguage\":\"pl-PL\",\"@id\":\"https:\/\/edgarus.com\/?product=antyczne-ceglane-plytki-elewacyjne-cegla-retro-reichsformat#primaryimage\",\"url\":\"https:\/\/edgarus.com\/wp-content\/uploads\/2025\/12\/a35ab8c8-3c1d-4e5f-9dfa-ea2b7656d185.avif\",\"contentUrl\":\"https:\/\/edgarus.com\/wp-content\/uploads\/2025\/12\/a35ab8c8-3c1d-4e5f-9dfa-ea2b7656d185.avif\",\"width\":1024,\"height\":768},{\"@type\":\"BreadcrumbList\",\"@id\":\"https:\/\/edgarus.com\/?product=antyczne-ceglane-plytki-elewacyjne-cegla-retro-reichsformat#breadcrumb\",\"itemListElement\":[{\"@type\":\"ListItem\",\"position\":1,\"name\":\"Strona g\u0142\u00f3wna\",\"item\":\"https:\/\/edgarus.com\/\"},{\"@type\":\"ListItem\",\"position\":2,\"name\":\"Produkty\",\"item\":\"https:\/\/edgarus.com\/?post_type=product\"},{\"@type\":\"ListItem\",\"position\":3,\"name\":\"Antyczne ceglane p\u0142ytki elewacyjne \u2013 ceg\u0142a retro, Reichsformat\"}]},{\"@type\":\"WebSite\",\"@id\":\"https:\/\/edgarus.com\/#website\",\"url\":\"https:\/\/edgarus.com\/\",\"name\":\"EDGARUS\",\"description\":\"Z natury niezwyk\u0142e, z historii wieczne\",\"potentialAction\":[{\"@type\":\"SearchAction\",\"target\":{\"@type\":\"EntryPoint\",\"urlTemplate\":\"https:\/\/edgarus.com\/?s={search_term_string}\"},\"query-input\":{\"@type\":\"PropertyValueSpecification\",\"valueRequired\":true,\"valueName\":\"search_term_string\"}}],\"inLanguage\":\"pl-PL\"}]}<\/script>\n<!-- \/ Yoast SEO plugin. -->","yoast_head_json":{"title":"Antyczne ceglane p\u0142ytki elewacyjne \u2013 ceg\u0142a retro, Reichsformat - EDGARUS Antike Ziegelriemchen Retro | Reichsformat 25\u201326 cm","description":"Antike Ziegelriemchen im Reichsformat 25\u201326 \u00d7 6,5 \u00d7 2 cm. Retro-Optik, ca. 52 St\u00fcck pro m\u00b2. Gro\u00dfe Mengen verf\u00fcgbar. Lieferung EU-weit.","robots":{"index":"index","follow":"follow","max-snippet":"max-snippet:-1","max-image-preview":"max-image-preview:large","max-video-preview":"max-video-preview:-1"},"canonical":"https:\/\/edgarus.com\/?product=antyczne-ceglane-plytki-elewacyjne-cegla-retro-reichsformat","og_locale":"pl_PL","og_type":"article","og_title":"Antyczne ceglane p\u0142ytki elewacyjne \u2013 ceg\u0142a retro, Reichsformat - EDGARUS Antike Ziegelriemchen Retro | Reichsformat 25\u201326 cm","og_description":"Antike Ziegelriemchen im Reichsformat 25\u201326 \u00d7 6,5 \u00d7 2 cm. Retro-Optik, ca. 52 St\u00fcck pro m\u00b2. Gro\u00dfe Mengen verf\u00fcgbar. Lieferung EU-weit.","og_url":"https:\/\/edgarus.com\/?product=antyczne-ceglane-plytki-elewacyjne-cegla-retro-reichsformat","og_site_name":"EDGARUS","twitter_card":"summary_large_image","twitter_misc":{"Szacowany czas czytania":"1 minuta"},"schema":{"@context":"https:\/\/schema.org","@graph":[{"@type":"WebPage","@id":"https:\/\/edgarus.com\/?product=antyczne-ceglane-plytki-elewacyjne-cegla-retro-reichsformat","url":"https:\/\/edgarus.com\/?product=antyczne-ceglane-plytki-elewacyjne-cegla-retro-reichsformat","name":"Antyczne ceglane p\u0142ytki elewacyjne \u2013 ceg\u0142a retro, Reichsformat - EDGARUS Antike Ziegelriemchen Retro | Reichsformat 25\u201326 cm","isPartOf":{"@id":"https:\/\/edgarus.com\/#website"},"primaryImageOfPage":{"@id":"https:\/\/edgarus.com\/?product=antyczne-ceglane-plytki-elewacyjne-cegla-retro-reichsformat#primaryimage"},"image":{"@id":"https:\/\/edgarus.com\/?product=antyczne-ceglane-plytki-elewacyjne-cegla-retro-reichsformat#primaryimage"},"thumbnailUrl":"https:\/\/edgarus.com\/wp-content\/uploads\/2025\/12\/a35ab8c8-3c1d-4e5f-9dfa-ea2b7656d185.avif","datePublished":"2025-12-18T11:57:34+00:00","description":"Antike Ziegelriemchen im Reichsformat 25\u201326 \u00d7 6,5 \u00d7 2 cm. Retro-Optik, ca. 52 St\u00fcck pro m\u00b2. Gro\u00dfe Mengen verf\u00fcgbar. Lieferung EU-weit.","breadcrumb":{"@id":"https:\/\/edgarus.com\/?product=antyczne-ceglane-plytki-elewacyjne-cegla-retro-reichsformat#breadcrumb"},"inLanguage":"pl-PL","potentialAction":[{"@type":"ReadAction","target":["https:\/\/edgarus.com\/?product=antyczne-ceglane-plytki-elewacyjne-cegla-retro-reichsformat"]}]},{"@type":"ImageObject","inLanguage":"pl-PL","@id":"https:\/\/edgarus.com\/?product=antyczne-ceglane-plytki-elewacyjne-cegla-retro-reichsformat#primaryimage","url":"https:\/\/edgarus.com\/wp-content\/uploads\/2025\/12\/a35ab8c8-3c1d-4e5f-9dfa-ea2b7656d185.avif","contentUrl":"https:\/\/edgarus.com\/wp-content\/uploads\/2025\/12\/a35ab8c8-3c1d-4e5f-9dfa-ea2b7656d185.avif","width":1024,"height":768},{"@type":"BreadcrumbList","@id":"https:\/\/edgarus.com\/?product=antyczne-ceglane-plytki-elewacyjne-cegla-retro-reichsformat#breadcrumb","itemListElement":[{"@type":"ListItem","position":1,"name":"Strona g\u0142\u00f3wna","item":"https:\/\/edgarus.com\/"},{"@type":"ListItem","position":2,"name":"Produkty","item":"https:\/\/edgarus.com\/?post_type=product"},{"@type":"ListItem","position":3,"name":"Antyczne ceglane p\u0142ytki elewacyjne \u2013 ceg\u0142a retro, Reichsformat"}]},{"@type":"WebSite","@id":"https:\/\/edgarus.com\/#website","url":"https:\/\/edgarus.com\/","name":"EDGARUS","description":"Z natury niezwyk\u0142e, z historii wieczne","potentialAction":[{"@type":"SearchAction","target":{"@type":"EntryPoint","urlTemplate":"https:\/\/edgarus.com\/?s={search_term_string}"},"query-input":{"@type":"PropertyValueSpecification","valueRequired":true,"valueName":"search_term_string"}}],"inLanguage":"pl-PL"}]}},"_links":{"self":[{"href":"https:\/\/edgarus.com\/index.php?rest_route=\/wp\/v2\/product\/1044","targetHints":{"allow":["GET"]}}],"collection":[{"href":"https:\/\/edgarus.com\/index.php?rest_route=\/wp\/v2\/product"}],"about":[{"href":"https:\/\/edgarus.com\/index.php?rest_route=\/wp\/v2\/types\/product"}],"replies":[{"embeddable":true,"href":"https:\/\/edgarus.com\/index.php?rest_route=%2Fwp%2Fv2%2Fcomments&post=1044"}],"wp:featuredmedia":[{"embeddable":true,"href":"https:\/\/edgarus.com\/index.php?rest_route=\/wp\/v2\/media\/1051"}],"wp:attachment":[{"href":"https:\/\/edgarus.com\/index.php?rest_route=%2Fwp%2Fv2%2Fmedia&parent=1044"}],"wp:term":[{"taxonomy":"product_brand","embeddable":true,"href":"https:\/\/edgarus.com\/index.php?rest_route=%2Fwp%2Fv2%2Fproduct_brand&post=1044"},{"taxonomy":"product_cat","embeddable":true,"href":"https:\/\/edgarus.com\/index.php?rest_route=%2Fwp%2Fv2%2Fproduct_cat&post=1044"},{"taxonomy":"product_tag","embeddable":true,"href":"https:\/\/edgarus.com\/index.php?rest_route=%2Fwp%2Fv2%2Fproduct_tag&post=1044"}],"curies":[{"name":"wp","href":"https:\/\/api.w.org\/{rel}","templated":true}]}}