{"id":1148,"date":"2025-12-21T23:47:14","date_gmt":"2025-12-21T22:47:14","guid":{"rendered":"https:\/\/edgarus.com\/?post_type=product&#038;p=1148"},"modified":"2025-12-21T23:47:14","modified_gmt":"2025-12-21T22:47:14","slug":"historyczna-kostka-granitowa-szaro-zolta-8-x-11-cm","status":"publish","type":"product","link":"https:\/\/edgarus.com\/?product=historyczna-kostka-granitowa-szaro-zolta-8-x-11-cm","title":{"rendered":"Historyczna kostka granitowa szaro-\u017c\u00f3\u0142ta 8 \u00d7 11 cm"},"content":{"rendered":"<p data-start=\"1492\" data-end=\"1543\">\n<h3 data-start=\"1550\" data-end=\"1563\">Transport<\/h3>\n<p data-start=\"1564\" data-end=\"1642\">Realizujemy dostawy na terenie <strong data-start=\"1595\" data-end=\"1641\">ca\u0142ej Unii Europejskiej oraz do Szwajcarii<\/strong>.<\/p>\n<ul data-start=\"1644\" data-end=\"1838\">\n<li data-start=\"1644\" data-end=\"1714\">\n<p data-start=\"1646\" data-end=\"1714\">Maksymalne za\u0142adunki: samoch\u00f3d ci\u0119\u017carowy 40 t \u2013 do <strong data-start=\"1697\" data-end=\"1714\">25 ton towaru<\/strong><\/p>\n<\/li>\n<li data-start=\"1715\" data-end=\"1838\">\n<p data-start=\"1717\" data-end=\"1770\">Koszt transportu ustalany indywidualnie i zale\u017cny od:<\/p>\n<ul data-start=\"1773\" data-end=\"1838\">\n<li data-start=\"1773\" data-end=\"1791\">\n<p data-start=\"1775\" data-end=\"1791\">miejsca dostawy,<\/p>\n<\/li>\n<li data-start=\"1794\" data-end=\"1813\">\n<p data-start=\"1796\" data-end=\"1813\">ilo\u015bci materia\u0142u,<\/p>\n<\/li>\n<li data-start=\"1816\" data-end=\"1838\">\n<p data-start=\"1818\" data-end=\"1838\">warunk\u00f3w roz\u0142adunku.<\/p>\n<\/li>\n<\/ul>\n<\/li>\n<\/ul>\n<p data-start=\"1840\" data-end=\"1892\">Szczeg\u00f3\u0142y logistyczne ustalane s\u0105 <strong data-start=\"1874\" data-end=\"1891\">telefonicznie<\/strong>.<\/p>\n<hr data-start=\"1894\" data-end=\"1897\" \/>\n<h3 data-start=\"1899\" data-end=\"1910\">Kontakt<\/h3>\n<p data-start=\"1911\" data-end=\"1959\">\ud83d\udce7 <strong data-start=\"1914\" data-end=\"1934\"><a class=\"decorated-link cursor-pointer\" rel=\"noopener\" data-start=\"1916\" data-end=\"1932\">info@edgarus.com<\/a><\/strong><br data-start=\"1934\" data-end=\"1937\" \/>\ud83d\udcde <strong data-start=\"1940\" data-end=\"1959\">+48 504 109 661<\/strong><\/p>\n<hr data-start=\"1961\" data-end=\"1964\" \/>\n<h3 data-start=\"1966\" data-end=\"1990\">Informacje dodatkowe<\/h3>\n<ul data-start=\"1991\" data-end=\"2207\">\n<li data-start=\"1991\" data-end=\"2043\">\n<p data-start=\"1993\" data-end=\"2043\">Posiadamy <strong data-start=\"2003\" data-end=\"2041\">europejski numer VAT: PL6951532248<\/strong><\/p>\n<\/li>\n<li data-start=\"2044\" data-end=\"2113\">\n<p data-start=\"2046\" data-end=\"2113\">Zapraszamy do wsp\u00f3\u0142pracy klient\u00f3w hurtowych oraz firmy wykonawcze<\/p>\n<\/li>\n<li data-start=\"2114\" data-end=\"2207\">\n<p data-start=\"2116\" data-end=\"2207\">W ofercie posiadamy r\u00f3wnie\u017c inne formaty historycznej kostki granitowej oraz p\u0142yty kamienne<\/p>\n<\/li>\n<\/ul>\n","protected":false},"excerpt":{"rendered":"<p data-start=\"357\" data-end=\"577\">Oferujemy <strong data-start=\"367\" data-end=\"411\">oryginaln\u0105, historyczn\u0105 kostk\u0119 granitow\u0105<\/strong> w kolorystyce szaro-\u017c\u00f3\u0142tej, o wymiarach ok. <strong data-start=\"456\" data-end=\"469\">8 \u00d7 11 cm<\/strong>.<br data-start=\"470\" data-end=\"473\" \/>Jest to <strong data-start=\"481\" data-end=\"547\">autentyczny materia\u0142 pozyskany z dawnych nawierzchni brukowych<\/strong>, datowany na ok. <strong data-start=\"565\" data-end=\"576\">200 lat<\/strong>.<\/p>\n<p data-start=\"579\" data-end=\"831\">Kostka zosta\u0142a <strong data-start=\"594\" data-end=\"612\">r\u0119cznie \u0142upana<\/strong>, a jej <strong data-start=\"620\" data-end=\"690\">lico jest naturalnie wyg\u0142adzone w wyniku wieloletniego u\u017cytkowania<\/strong>, co stanowi o jej oryginalnym, historycznym charakterze. Materia\u0142 zachowuje pe\u0142n\u0105 trwa\u0142o\u015b\u0107 techniczn\u0105, typow\u0105 dla starego granitu brukowego.<\/p>\n<p data-start=\"833\" data-end=\"908\">Sprzedawana jest <strong data-start=\"850\" data-end=\"907\">dok\u0142adnie ta kostka, kt\u00f3ra widoczna jest na zdj\u0119ciach<\/strong>.<\/p>\n<hr data-start=\"910\" data-end=\"913\" \/>\n<h3 data-start=\"915\" data-end=\"939\">Parametry techniczne<\/h3>\n<ul data-start=\"940\" data-end=\"1133\">\n<li data-start=\"940\" data-end=\"970\">\n<p data-start=\"942\" data-end=\"970\">Materia\u0142: granit naturalny<\/p>\n<\/li>\n<li data-start=\"971\" data-end=\"999\">\n<p data-start=\"973\" data-end=\"999\">Kolorystyka: szaro-\u017c\u00f3\u0142ta<\/p>\n<\/li>\n<li data-start=\"1000\" data-end=\"1025\">\n<p data-start=\"1002\" data-end=\"1025\">Format: ok. 8 \u00d7 11 cm<\/p>\n<\/li>\n<li data-start=\"1026\" data-end=\"1053\">\n<p data-start=\"1028\" data-end=\"1053\">Obr\u00f3bka: r\u0119cznie \u0142upana<\/p>\n<\/li>\n<li data-start=\"1054\" data-end=\"1111\">\n<p data-start=\"1056\" data-end=\"1111\">Lico: naturalnie wyg\u0142adzone (historyczne u\u017cytkowanie)<\/p>\n<\/li>\n<li data-start=\"1112\" data-end=\"1133\">\n<p data-start=\"1114\" data-end=\"1133\">Wiek: ok. 200 lat<\/p>\n<\/li>\n<\/ul>\n<hr data-start=\"1135\" data-end=\"1138\" \/>\n<h3 data-start=\"1140\" data-end=\"1165\">Wydajno\u015b\u0107 i pakowanie<\/h3>\n<ul data-start=\"1166\" data-end=\"1267\">\n<li data-start=\"1166\" data-end=\"1205\">\n<p data-start=\"1168\" data-end=\"1205\">1 tona = ok. <strong data-start=\"1181\" data-end=\"1191\">5,0 m\u00b2<\/strong> nawierzchni<\/p>\n<\/li>\n<li data-start=\"1206\" data-end=\"1232\">\n<p data-start=\"1208\" data-end=\"1232\">Pakowanie: <strong data-start=\"1219\" data-end=\"1230\">Big-Bag<\/strong><\/p>\n<\/li>\n<li data-start=\"1233\" data-end=\"1267\">\n<p data-start=\"1235\" data-end=\"1267\">Waga Big-Baga: ok. <strong data-start=\"1254\" data-end=\"1267\">1,4\u20131,6 t<\/strong><\/p>\n<\/li>\n<\/ul>\n<hr data-start=\"1269\" data-end=\"1272\" \/>\n<h3 data-start=\"1274\" data-end=\"1282\">Cena<\/h3>\n<ul data-start=\"1283\" data-end=\"1343\">\n<li data-start=\"1283\" data-end=\"1311\">\n<p data-start=\"1285\" data-end=\"1311\"><strong data-start=\"1285\" data-end=\"1309\">39,00 \u20ac netto \/ 1 m\u00b2<\/strong><\/p>\n<\/li>\n<li data-start=\"1312\" data-end=\"1343\">\n<p data-start=\"1314\" data-end=\"1343\"><strong data-start=\"1314\" data-end=\"1343\">3 900,00 \u20ac netto \/ 100 m\u00b2<\/strong><\/p>\n<\/li>\n<\/ul>\n<p data-start=\"1345\" data-end=\"1468\">Cena netto dotyczy firm posiadaj\u0105cych <strong data-start=\"1383\" data-end=\"1405\">wa\u017cny numer EU VAT<\/strong>.<br data-start=\"1406\" data-end=\"1409\" \/>Dla klient\u00f3w prywatnych doliczany jest podatek VAT <strong data-start=\"1460\" data-end=\"1467\">19%<\/strong>.<\/p>\n<hr data-start=\"1470\" data-end=\"1473\" \/>\n<p data-start=\"1993\" data-end=\"2043\">\n","protected":false},"featured_media":1155,"comment_status":"open","ping_status":"closed","template":"","meta":{"neve_meta_sidebar":"","neve_meta_container":"","neve_meta_enable_content_width":"off","neve_meta_content_width":100,"neve_meta_title_alignment":"","neve_meta_author_avatar":"","neve_post_elements_order":"","neve_meta_disable_header":"","neve_meta_disable_footer":"","neve_meta_disable_title":""},"product_brand":[],"product_cat":[19],"product_tag":[287,343,364,363,273,251,362,223,305,221],"class_list":{"0":"post-1148","1":"product","2":"type-product","3":"status-publish","4":"has-post-thumbnail","6":"product_cat-antyczne-materialy","7":"product_tag-altes-granitpflaster","8":"product_tag-altstadtpflaster-granit","9":"product_tag-gebrauchte-granitpflaster","10":"product_tag-granitpflaster-altstadt","11":"product_tag-granitpflaster-europa","12":"product_tag-granitpflaster-grau-gelb","13":"product_tag-historische-pflastersteine","14":"product_tag-historisches-pflaster","15":"product_tag-naturstein-pflaster","16":"product_tag-pflastersteine-aus-granit","18":"first","19":"instock","20":"shipping-taxable","21":"product-type-simple"},"yoast_head":"<!-- This site is optimized with the Yoast SEO plugin v26.6 - https:\/\/yoast.com\/wordpress\/plugins\/seo\/ -->\n<title>Altes Granitpflaster 8\u00d711 cm grau-gelb | Historische Pflastersteine<\/title>\n<meta name=\"description\" content=\"Originale historische Granitpflastersteine 8\u00d711 cm in grau-gelber Farbe. Nat\u00fcrlich abgefahrene Oberfl\u00e4che durch jahrzehntelange Nutzung. Lieferung europaweit.\" \/>\n<meta name=\"robots\" content=\"index, follow, max-snippet:-1, max-image-preview:large, max-video-preview:-1\" \/>\n<link rel=\"canonical\" href=\"https:\/\/edgarus.com\/?product=historyczna-kostka-granitowa-szaro-zolta-8-x-11-cm\" \/>\n<meta property=\"og:locale\" content=\"pl_PL\" \/>\n<meta property=\"og:type\" content=\"article\" \/>\n<meta property=\"og:title\" content=\"Altes Granitpflaster 8\u00d711 cm grau-gelb | Historische Pflastersteine\" \/>\n<meta property=\"og:description\" content=\"Originale historische Granitpflastersteine 8\u00d711 cm in grau-gelber Farbe. Nat\u00fcrlich abgefahrene Oberfl\u00e4che durch jahrzehntelange Nutzung. Lieferung europaweit.\" \/>\n<meta property=\"og:url\" content=\"https:\/\/edgarus.com\/?product=historyczna-kostka-granitowa-szaro-zolta-8-x-11-cm\" \/>\n<meta property=\"og:site_name\" content=\"EDGARUS\" \/>\n<meta name=\"twitter:card\" content=\"summary_large_image\" \/>\n<meta name=\"twitter:label1\" content=\"Szacowany czas czytania\" \/>\n\t<meta name=\"twitter:data1\" content=\"1 minuta\" \/>\n<script type=\"application\/ld+json\" class=\"yoast-schema-graph\">{\"@context\":\"https:\/\/schema.org\",\"@graph\":[{\"@type\":\"WebPage\",\"@id\":\"https:\/\/edgarus.com\/?product=historyczna-kostka-granitowa-szaro-zolta-8-x-11-cm\",\"url\":\"https:\/\/edgarus.com\/?product=historyczna-kostka-granitowa-szaro-zolta-8-x-11-cm\",\"name\":\"Altes Granitpflaster 8\u00d711 cm grau-gelb | Historische Pflastersteine\",\"isPartOf\":{\"@id\":\"https:\/\/edgarus.com\/#website\"},\"primaryImageOfPage\":{\"@id\":\"https:\/\/edgarus.com\/?product=historyczna-kostka-granitowa-szaro-zolta-8-x-11-cm#primaryimage\"},\"image\":{\"@id\":\"https:\/\/edgarus.com\/?product=historyczna-kostka-granitowa-szaro-zolta-8-x-11-cm#primaryimage\"},\"thumbnailUrl\":\"https:\/\/edgarus.com\/wp-content\/uploads\/2025\/12\/495bd974-230d-4c9e-80f1-db3b98df5b80.avif\",\"datePublished\":\"2025-12-21T22:47:14+00:00\",\"description\":\"Originale historische Granitpflastersteine 8\u00d711 cm in grau-gelber Farbe. Nat\u00fcrlich abgefahrene Oberfl\u00e4che durch jahrzehntelange Nutzung. Lieferung europaweit.\",\"breadcrumb\":{\"@id\":\"https:\/\/edgarus.com\/?product=historyczna-kostka-granitowa-szaro-zolta-8-x-11-cm#breadcrumb\"},\"inLanguage\":\"pl-PL\",\"potentialAction\":[{\"@type\":\"ReadAction\",\"target\":[\"https:\/\/edgarus.com\/?product=historyczna-kostka-granitowa-szaro-zolta-8-x-11-cm\"]}]},{\"@type\":\"ImageObject\",\"inLanguage\":\"pl-PL\",\"@id\":\"https:\/\/edgarus.com\/?product=historyczna-kostka-granitowa-szaro-zolta-8-x-11-cm#primaryimage\",\"url\":\"https:\/\/edgarus.com\/wp-content\/uploads\/2025\/12\/495bd974-230d-4c9e-80f1-db3b98df5b80.avif\",\"contentUrl\":\"https:\/\/edgarus.com\/wp-content\/uploads\/2025\/12\/495bd974-230d-4c9e-80f1-db3b98df5b80.avif\",\"width\":1498,\"height\":1600},{\"@type\":\"BreadcrumbList\",\"@id\":\"https:\/\/edgarus.com\/?product=historyczna-kostka-granitowa-szaro-zolta-8-x-11-cm#breadcrumb\",\"itemListElement\":[{\"@type\":\"ListItem\",\"position\":1,\"name\":\"Strona g\u0142\u00f3wna\",\"item\":\"https:\/\/edgarus.com\/\"},{\"@type\":\"ListItem\",\"position\":2,\"name\":\"Produkty\",\"item\":\"https:\/\/edgarus.com\/?post_type=product\"},{\"@type\":\"ListItem\",\"position\":3,\"name\":\"Historyczna kostka granitowa szaro-\u017c\u00f3\u0142ta 8 \u00d7 11 cm\"}]},{\"@type\":\"WebSite\",\"@id\":\"https:\/\/edgarus.com\/#website\",\"url\":\"https:\/\/edgarus.com\/\",\"name\":\"EDGARUS\",\"description\":\"Z natury niezwyk\u0142e, z historii wieczne\",\"potentialAction\":[{\"@type\":\"SearchAction\",\"target\":{\"@type\":\"EntryPoint\",\"urlTemplate\":\"https:\/\/edgarus.com\/?s={search_term_string}\"},\"query-input\":{\"@type\":\"PropertyValueSpecification\",\"valueRequired\":true,\"valueName\":\"search_term_string\"}}],\"inLanguage\":\"pl-PL\"}]}<\/script>\n<!-- \/ Yoast SEO plugin. -->","yoast_head_json":{"title":"Altes Granitpflaster 8\u00d711 cm grau-gelb | Historische Pflastersteine","description":"Originale historische Granitpflastersteine 8\u00d711 cm in grau-gelber Farbe. Nat\u00fcrlich abgefahrene Oberfl\u00e4che durch jahrzehntelange Nutzung. Lieferung europaweit.","robots":{"index":"index","follow":"follow","max-snippet":"max-snippet:-1","max-image-preview":"max-image-preview:large","max-video-preview":"max-video-preview:-1"},"canonical":"https:\/\/edgarus.com\/?product=historyczna-kostka-granitowa-szaro-zolta-8-x-11-cm","og_locale":"pl_PL","og_type":"article","og_title":"Altes Granitpflaster 8\u00d711 cm grau-gelb | Historische Pflastersteine","og_description":"Originale historische Granitpflastersteine 8\u00d711 cm in grau-gelber Farbe. Nat\u00fcrlich abgefahrene Oberfl\u00e4che durch jahrzehntelange Nutzung. Lieferung europaweit.","og_url":"https:\/\/edgarus.com\/?product=historyczna-kostka-granitowa-szaro-zolta-8-x-11-cm","og_site_name":"EDGARUS","twitter_card":"summary_large_image","twitter_misc":{"Szacowany czas czytania":"1 minuta"},"schema":{"@context":"https:\/\/schema.org","@graph":[{"@type":"WebPage","@id":"https:\/\/edgarus.com\/?product=historyczna-kostka-granitowa-szaro-zolta-8-x-11-cm","url":"https:\/\/edgarus.com\/?product=historyczna-kostka-granitowa-szaro-zolta-8-x-11-cm","name":"Altes Granitpflaster 8\u00d711 cm grau-gelb | Historische Pflastersteine","isPartOf":{"@id":"https:\/\/edgarus.com\/#website"},"primaryImageOfPage":{"@id":"https:\/\/edgarus.com\/?product=historyczna-kostka-granitowa-szaro-zolta-8-x-11-cm#primaryimage"},"image":{"@id":"https:\/\/edgarus.com\/?product=historyczna-kostka-granitowa-szaro-zolta-8-x-11-cm#primaryimage"},"thumbnailUrl":"https:\/\/edgarus.com\/wp-content\/uploads\/2025\/12\/495bd974-230d-4c9e-80f1-db3b98df5b80.avif","datePublished":"2025-12-21T22:47:14+00:00","description":"Originale historische Granitpflastersteine 8\u00d711 cm in grau-gelber Farbe. Nat\u00fcrlich abgefahrene Oberfl\u00e4che durch jahrzehntelange Nutzung. Lieferung europaweit.","breadcrumb":{"@id":"https:\/\/edgarus.com\/?product=historyczna-kostka-granitowa-szaro-zolta-8-x-11-cm#breadcrumb"},"inLanguage":"pl-PL","potentialAction":[{"@type":"ReadAction","target":["https:\/\/edgarus.com\/?product=historyczna-kostka-granitowa-szaro-zolta-8-x-11-cm"]}]},{"@type":"ImageObject","inLanguage":"pl-PL","@id":"https:\/\/edgarus.com\/?product=historyczna-kostka-granitowa-szaro-zolta-8-x-11-cm#primaryimage","url":"https:\/\/edgarus.com\/wp-content\/uploads\/2025\/12\/495bd974-230d-4c9e-80f1-db3b98df5b80.avif","contentUrl":"https:\/\/edgarus.com\/wp-content\/uploads\/2025\/12\/495bd974-230d-4c9e-80f1-db3b98df5b80.avif","width":1498,"height":1600},{"@type":"BreadcrumbList","@id":"https:\/\/edgarus.com\/?product=historyczna-kostka-granitowa-szaro-zolta-8-x-11-cm#breadcrumb","itemListElement":[{"@type":"ListItem","position":1,"name":"Strona g\u0142\u00f3wna","item":"https:\/\/edgarus.com\/"},{"@type":"ListItem","position":2,"name":"Produkty","item":"https:\/\/edgarus.com\/?post_type=product"},{"@type":"ListItem","position":3,"name":"Historyczna kostka granitowa szaro-\u017c\u00f3\u0142ta 8 \u00d7 11 cm"}]},{"@type":"WebSite","@id":"https:\/\/edgarus.com\/#website","url":"https:\/\/edgarus.com\/","name":"EDGARUS","description":"Z natury niezwyk\u0142e, z historii wieczne","potentialAction":[{"@type":"SearchAction","target":{"@type":"EntryPoint","urlTemplate":"https:\/\/edgarus.com\/?s={search_term_string}"},"query-input":{"@type":"PropertyValueSpecification","valueRequired":true,"valueName":"search_term_string"}}],"inLanguage":"pl-PL"}]}},"_links":{"self":[{"href":"https:\/\/edgarus.com\/index.php?rest_route=\/wp\/v2\/product\/1148","targetHints":{"allow":["GET"]}}],"collection":[{"href":"https:\/\/edgarus.com\/index.php?rest_route=\/wp\/v2\/product"}],"about":[{"href":"https:\/\/edgarus.com\/index.php?rest_route=\/wp\/v2\/types\/product"}],"replies":[{"embeddable":true,"href":"https:\/\/edgarus.com\/index.php?rest_route=%2Fwp%2Fv2%2Fcomments&post=1148"}],"wp:featuredmedia":[{"embeddable":true,"href":"https:\/\/edgarus.com\/index.php?rest_route=\/wp\/v2\/media\/1155"}],"wp:attachment":[{"href":"https:\/\/edgarus.com\/index.php?rest_route=%2Fwp%2Fv2%2Fmedia&parent=1148"}],"wp:term":[{"taxonomy":"product_brand","embeddable":true,"href":"https:\/\/edgarus.com\/index.php?rest_route=%2Fwp%2Fv2%2Fproduct_brand&post=1148"},{"taxonomy":"product_cat","embeddable":true,"href":"https:\/\/edgarus.com\/index.php?rest_route=%2Fwp%2Fv2%2Fproduct_cat&post=1148"},{"taxonomy":"product_tag","embeddable":true,"href":"https:\/\/edgarus.com\/index.php?rest_route=%2Fwp%2Fv2%2Fproduct_tag&post=1148"}],"curies":[{"name":"wp","href":"https:\/\/api.w.org\/{rel}","templated":true}]}}