{"id":337,"date":"2025-04-02T11:28:49","date_gmt":"2025-04-02T09:28:49","guid":{"rendered":"https:\/\/edgarus.com\/?post_type=product&#038;p=337"},"modified":"2025-04-02T11:40:42","modified_gmt":"2025-04-02T09:40:42","slug":"historyczna-kostka-granitowa-9x11","status":"publish","type":"product","link":"https:\/\/edgarus.com\/?product=historyczna-kostka-granitowa-9x11","title":{"rendered":"Historyczna kostka granitowa 9&#215;11 cm \u2013 ok. 200 lat"},"content":{"rendered":"<p>Szczeg\u00f3\u0142y techniczne:<br \/>\n\u2022 Pakowane w big bagi<br \/>\n\u2022 Waga big baga: ok. 1,4 \u2013 1,6 tony<br \/>\n\u2022 1 tona wystarcza na ok. 5 m\u00b2 powierzchni<\/p>\n<p>\u2e3b<\/p>\n<p>Dostawa:<br \/>\n\u2022 Realizujemy dostawy na terenie ca\u0142ej Unii Europejskiej, r\u00f3wnie\u017c do Szwajcarii<br \/>\n\u2022 Maksymalne obci\u0105\u017cenie ci\u0119\u017car\u00f3wki 40-tonowej: 25 ton<br \/>\n\u2022 Istnieje mo\u017cliwo\u015b\u0107 r\u00f3\u017cnych form dostawy \u2013 ustalanych indywidualnie<\/p>\n<p>Koszt transportu uzale\u017cniony jest od:<br \/>\n\u2022 wagi oraz obj\u0119to\u015bci zam\u00f3wienia<br \/>\n\u2022 adresu dostawy (kod pocztowy, miejscowo\u015b\u0107)<br \/>\n\u2022 dost\u0119pu do miejsca roz\u0142adunku (np. wjazd TIR, w\u00f3zek wid\u0142owy, si\u0142a ud\u017awigu)<\/p>\n<p>Prosimy o kontakt telefoniczny w celu uzgodnienia szczeg\u00f3\u0142\u00f3w dostawy.<\/p>\n<p>\u2e3b<\/p>\n<p>Dodatkowe informacje:<br \/>\n\u2022 Mo\u017cliwo\u015b\u0107 p\u0142atno\u015bci got\u00f3wk\u0105 przy odbiorze<br \/>\n\u2022 Posiadamy europejski numer VAT PL6951532248<br \/>\n\u2022 Zapraszamy do wsp\u00f3\u0142pracy firmy z ca\u0142ej Europy<\/p>\n","protected":false},"excerpt":{"rendered":"<h4>Oferujemy przepi\u0119kne historyczne kostki brukowe z drobnoziarnistego szarego granitu o wymiarach ok. 9 x 11 cm. Kamienie pochodz\u0105 z rozbi\u00f3rki, maj\u0105 oko\u0142o 200 lat, s\u0105 r\u0119cznie \u0142upane, z pi\u0119knie zu\u017cyt\u0105 powierzchni\u0105 \u2013 nadaj\u0105 wyj\u0105tkowy charakter ka\u017cdemu miejscu.<\/h4>\n<h4>Sprzedajemy dok\u0142adnie te kostki brukowe, kt\u00f3re s\u0105 widoczne na zdj\u0119ciach.<\/h4>\n<h4>Ceny:<br \/>\n\u2022 4 500,00 \u20ac netto za 100 m\u00b2<br \/>\n\u2022 45,00 \u20ac netto za 1 m\u00b2<\/h4>\n<p>Podane ceny s\u0105 cenami netto, skierowanymi do firm posiadaj\u0105cych numer VAT UE. Przy zakupie prywatnym doliczany jest podatek VAT w wysoko\u015bci 19%.<\/p>\n","protected":false},"featured_media":349,"comment_status":"open","ping_status":"closed","template":"","meta":{"neve_meta_sidebar":"","neve_meta_container":"","neve_meta_enable_content_width":"off","neve_meta_content_width":100,"neve_meta_title_alignment":"","neve_meta_author_avatar":"","neve_post_elements_order":"","neve_meta_disable_header":"","neve_meta_disable_footer":"","neve_meta_disable_title":""},"product_brand":[],"product_cat":[19],"product_tag":[24,33,45,27,41,44,36,39,42,43,23,35,31,30,34,25,38,32,22,29,28,26,40,37],"class_list":{"0":"post-337","1":"product","2":"type-product","3":"status-publish","4":"has-post-thumbnail","6":"product_cat-antyczne-materialy","7":"product_tag-antyczna","8":"product_tag-bruk-antyczny","9":"product_tag-bruk-do-rewitalizacji","10":"product_tag-bruk-historyczny","11":"product_tag-bruk-naturalny","12":"product_tag-bruk-ogrodowy","13":"product_tag-bruk-recznie-lupany","14":"product_tag-bruk-retro","15":"product_tag-bruk-z-charakterem","16":"product_tag-brukowana-alejka","17":"product_tag-granit","18":"product_tag-granit-200-lat","19":"product_tag-granit-brukowy","20":"product_tag-granit-szary","21":"product_tag-granit-z-rozbiorki","22":"product_tag-historyczna","23":"product_tag-kamien-brukowy","24":"product_tag-kamien-historyczny","25":"product_tag-kostka","26":"product_tag-kostka-9x11","27":"product_tag-kostka-brukowa","28":"product_tag-kostka-granitowa","29":"product_tag-nawierzchnia-zabytkowa","30":"product_tag-stare-kostki-granitowe","32":"first","33":"instock","34":"shipping-taxable","35":"product-type-simple"},"yoast_head":"<!-- This site is optimized with the Yoast SEO plugin v26.6 - https:\/\/yoast.com\/wordpress\/plugins\/seo\/ -->\n<title>Historyczna kostka granitowa 9x11 cm \u2013 ok. 200 lat - EDGARUS<\/title>\n<meta name=\"description\" content=\"Oryginalna kostka granitowa z rozbi\u00f3rki, oko\u0142o 200-letnia, r\u0119cznie \u0142upana. Idealna do nawierzchni w stylu retro. EDGARUS \u2013 sprzeda\u017c i dostawa w ca\u0142ej Europie.\" \/>\n<meta name=\"robots\" content=\"index, follow, max-snippet:-1, max-image-preview:large, max-video-preview:-1\" \/>\n<link rel=\"canonical\" href=\"https:\/\/edgarus.com\/?product=historyczna-kostka-granitowa-9x11\" \/>\n<meta property=\"og:locale\" content=\"pl_PL\" \/>\n<meta property=\"og:type\" content=\"article\" \/>\n<meta property=\"og:title\" content=\"Historyczna kostka granitowa 9x11 cm \u2013 ok. 200 lat - EDGARUS\" \/>\n<meta property=\"og:description\" content=\"Oryginalna kostka granitowa z rozbi\u00f3rki, oko\u0142o 200-letnia, r\u0119cznie \u0142upana. Idealna do nawierzchni w stylu retro. EDGARUS \u2013 sprzeda\u017c i dostawa w ca\u0142ej Europie.\" \/>\n<meta property=\"og:url\" content=\"https:\/\/edgarus.com\/?product=historyczna-kostka-granitowa-9x11\" \/>\n<meta property=\"og:site_name\" content=\"EDGARUS\" \/>\n<meta property=\"article:modified_time\" content=\"2025-04-02T09:40:42+00:00\" \/>\n<meta name=\"twitter:card\" content=\"summary_large_image\" \/>\n<meta name=\"twitter:label1\" content=\"Szacowany czas czytania\" \/>\n\t<meta name=\"twitter:data1\" content=\"1 minuta\" \/>\n<script type=\"application\/ld+json\" class=\"yoast-schema-graph\">{\"@context\":\"https:\/\/schema.org\",\"@graph\":[{\"@type\":\"WebPage\",\"@id\":\"https:\/\/edgarus.com\/?product=historyczna-kostka-granitowa-9x11\",\"url\":\"https:\/\/edgarus.com\/?product=historyczna-kostka-granitowa-9x11\",\"name\":\"Historyczna kostka granitowa 9x11 cm \u2013 ok. 200 lat - EDGARUS\",\"isPartOf\":{\"@id\":\"https:\/\/edgarus.com\/#website\"},\"primaryImageOfPage\":{\"@id\":\"https:\/\/edgarus.com\/?product=historyczna-kostka-granitowa-9x11#primaryimage\"},\"image\":{\"@id\":\"https:\/\/edgarus.com\/?product=historyczna-kostka-granitowa-9x11#primaryimage\"},\"thumbnailUrl\":\"https:\/\/edgarus.com\/wp-content\/uploads\/2025\/04\/b5e86e28-7f22-490f-bdfe-0b19d1aed154.avif\",\"datePublished\":\"2025-04-02T09:28:49+00:00\",\"dateModified\":\"2025-04-02T09:40:42+00:00\",\"description\":\"Oryginalna kostka granitowa z rozbi\u00f3rki, oko\u0142o 200-letnia, r\u0119cznie \u0142upana. Idealna do nawierzchni w stylu retro. EDGARUS \u2013 sprzeda\u017c i dostawa w ca\u0142ej Europie.\",\"breadcrumb\":{\"@id\":\"https:\/\/edgarus.com\/?product=historyczna-kostka-granitowa-9x11#breadcrumb\"},\"inLanguage\":\"pl-PL\",\"potentialAction\":[{\"@type\":\"ReadAction\",\"target\":[\"https:\/\/edgarus.com\/?product=historyczna-kostka-granitowa-9x11\"]}]},{\"@type\":\"ImageObject\",\"inLanguage\":\"pl-PL\",\"@id\":\"https:\/\/edgarus.com\/?product=historyczna-kostka-granitowa-9x11#primaryimage\",\"url\":\"https:\/\/edgarus.com\/wp-content\/uploads\/2025\/04\/b5e86e28-7f22-490f-bdfe-0b19d1aed154.avif\",\"contentUrl\":\"https:\/\/edgarus.com\/wp-content\/uploads\/2025\/04\/b5e86e28-7f22-490f-bdfe-0b19d1aed154.avif\",\"width\":800,\"height\":600},{\"@type\":\"BreadcrumbList\",\"@id\":\"https:\/\/edgarus.com\/?product=historyczna-kostka-granitowa-9x11#breadcrumb\",\"itemListElement\":[{\"@type\":\"ListItem\",\"position\":1,\"name\":\"Strona g\u0142\u00f3wna\",\"item\":\"https:\/\/edgarus.com\/\"},{\"@type\":\"ListItem\",\"position\":2,\"name\":\"Produkty\",\"item\":\"https:\/\/edgarus.com\/?post_type=product\"},{\"@type\":\"ListItem\",\"position\":3,\"name\":\"Historyczna kostka granitowa 9&#215;11 cm \u2013 ok. 200 lat\"}]},{\"@type\":\"WebSite\",\"@id\":\"https:\/\/edgarus.com\/#website\",\"url\":\"https:\/\/edgarus.com\/\",\"name\":\"EDGARUS\",\"description\":\"Z natury niezwyk\u0142e, z historii wieczne\",\"potentialAction\":[{\"@type\":\"SearchAction\",\"target\":{\"@type\":\"EntryPoint\",\"urlTemplate\":\"https:\/\/edgarus.com\/?s={search_term_string}\"},\"query-input\":{\"@type\":\"PropertyValueSpecification\",\"valueRequired\":true,\"valueName\":\"search_term_string\"}}],\"inLanguage\":\"pl-PL\"}]}<\/script>\n<!-- \/ Yoast SEO plugin. -->","yoast_head_json":{"title":"Historyczna kostka granitowa 9x11 cm \u2013 ok. 200 lat - EDGARUS","description":"Oryginalna kostka granitowa z rozbi\u00f3rki, oko\u0142o 200-letnia, r\u0119cznie \u0142upana. Idealna do nawierzchni w stylu retro. EDGARUS \u2013 sprzeda\u017c i dostawa w ca\u0142ej Europie.","robots":{"index":"index","follow":"follow","max-snippet":"max-snippet:-1","max-image-preview":"max-image-preview:large","max-video-preview":"max-video-preview:-1"},"canonical":"https:\/\/edgarus.com\/?product=historyczna-kostka-granitowa-9x11","og_locale":"pl_PL","og_type":"article","og_title":"Historyczna kostka granitowa 9x11 cm \u2013 ok. 200 lat - EDGARUS","og_description":"Oryginalna kostka granitowa z rozbi\u00f3rki, oko\u0142o 200-letnia, r\u0119cznie \u0142upana. Idealna do nawierzchni w stylu retro. EDGARUS \u2013 sprzeda\u017c i dostawa w ca\u0142ej Europie.","og_url":"https:\/\/edgarus.com\/?product=historyczna-kostka-granitowa-9x11","og_site_name":"EDGARUS","article_modified_time":"2025-04-02T09:40:42+00:00","twitter_card":"summary_large_image","twitter_misc":{"Szacowany czas czytania":"1 minuta"},"schema":{"@context":"https:\/\/schema.org","@graph":[{"@type":"WebPage","@id":"https:\/\/edgarus.com\/?product=historyczna-kostka-granitowa-9x11","url":"https:\/\/edgarus.com\/?product=historyczna-kostka-granitowa-9x11","name":"Historyczna kostka granitowa 9x11 cm \u2013 ok. 200 lat - EDGARUS","isPartOf":{"@id":"https:\/\/edgarus.com\/#website"},"primaryImageOfPage":{"@id":"https:\/\/edgarus.com\/?product=historyczna-kostka-granitowa-9x11#primaryimage"},"image":{"@id":"https:\/\/edgarus.com\/?product=historyczna-kostka-granitowa-9x11#primaryimage"},"thumbnailUrl":"https:\/\/edgarus.com\/wp-content\/uploads\/2025\/04\/b5e86e28-7f22-490f-bdfe-0b19d1aed154.avif","datePublished":"2025-04-02T09:28:49+00:00","dateModified":"2025-04-02T09:40:42+00:00","description":"Oryginalna kostka granitowa z rozbi\u00f3rki, oko\u0142o 200-letnia, r\u0119cznie \u0142upana. Idealna do nawierzchni w stylu retro. EDGARUS \u2013 sprzeda\u017c i dostawa w ca\u0142ej Europie.","breadcrumb":{"@id":"https:\/\/edgarus.com\/?product=historyczna-kostka-granitowa-9x11#breadcrumb"},"inLanguage":"pl-PL","potentialAction":[{"@type":"ReadAction","target":["https:\/\/edgarus.com\/?product=historyczna-kostka-granitowa-9x11"]}]},{"@type":"ImageObject","inLanguage":"pl-PL","@id":"https:\/\/edgarus.com\/?product=historyczna-kostka-granitowa-9x11#primaryimage","url":"https:\/\/edgarus.com\/wp-content\/uploads\/2025\/04\/b5e86e28-7f22-490f-bdfe-0b19d1aed154.avif","contentUrl":"https:\/\/edgarus.com\/wp-content\/uploads\/2025\/04\/b5e86e28-7f22-490f-bdfe-0b19d1aed154.avif","width":800,"height":600},{"@type":"BreadcrumbList","@id":"https:\/\/edgarus.com\/?product=historyczna-kostka-granitowa-9x11#breadcrumb","itemListElement":[{"@type":"ListItem","position":1,"name":"Strona g\u0142\u00f3wna","item":"https:\/\/edgarus.com\/"},{"@type":"ListItem","position":2,"name":"Produkty","item":"https:\/\/edgarus.com\/?post_type=product"},{"@type":"ListItem","position":3,"name":"Historyczna kostka granitowa 9&#215;11 cm \u2013 ok. 200 lat"}]},{"@type":"WebSite","@id":"https:\/\/edgarus.com\/#website","url":"https:\/\/edgarus.com\/","name":"EDGARUS","description":"Z natury niezwyk\u0142e, z historii wieczne","potentialAction":[{"@type":"SearchAction","target":{"@type":"EntryPoint","urlTemplate":"https:\/\/edgarus.com\/?s={search_term_string}"},"query-input":{"@type":"PropertyValueSpecification","valueRequired":true,"valueName":"search_term_string"}}],"inLanguage":"pl-PL"}]}},"_links":{"self":[{"href":"https:\/\/edgarus.com\/index.php?rest_route=\/wp\/v2\/product\/337","targetHints":{"allow":["GET"]}}],"collection":[{"href":"https:\/\/edgarus.com\/index.php?rest_route=\/wp\/v2\/product"}],"about":[{"href":"https:\/\/edgarus.com\/index.php?rest_route=\/wp\/v2\/types\/product"}],"replies":[{"embeddable":true,"href":"https:\/\/edgarus.com\/index.php?rest_route=%2Fwp%2Fv2%2Fcomments&post=337"}],"wp:featuredmedia":[{"embeddable":true,"href":"https:\/\/edgarus.com\/index.php?rest_route=\/wp\/v2\/media\/349"}],"wp:attachment":[{"href":"https:\/\/edgarus.com\/index.php?rest_route=%2Fwp%2Fv2%2Fmedia&parent=337"}],"wp:term":[{"taxonomy":"product_brand","embeddable":true,"href":"https:\/\/edgarus.com\/index.php?rest_route=%2Fwp%2Fv2%2Fproduct_brand&post=337"},{"taxonomy":"product_cat","embeddable":true,"href":"https:\/\/edgarus.com\/index.php?rest_route=%2Fwp%2Fv2%2Fproduct_cat&post=337"},{"taxonomy":"product_tag","embeddable":true,"href":"https:\/\/edgarus.com\/index.php?rest_route=%2Fwp%2Fv2%2Fproduct_tag&post=337"}],"curies":[{"name":"wp","href":"https:\/\/api.w.org\/{rel}","templated":true}]}}