{"id":400,"date":"2025-04-11T12:28:28","date_gmt":"2025-04-11T10:28:28","guid":{"rendered":"https:\/\/edgarus.com\/?post_type=product&#038;p=400"},"modified":"2025-09-08T22:03:08","modified_gmt":"2025-09-08T20:03:08","slug":"historyczna-kostka-granitowa-18x18-27-cm-ok-200-lat","status":"publish","type":"product","link":"https:\/\/edgarus.com\/?product=historyczna-kostka-granitowa-18x18-27-cm-ok-200-lat","title":{"rendered":"Historyczna kostka granitowa 18\u00d718-27 cm \u2013 ok. 200 lat"},"content":{"rendered":"<p>Szczeg\u00f3\u0142y techniczne:<br \/>\n\u2022 Klasa 1<br \/>\n\u2022 Wydajno\u015b\u0107: ok. 2,5\u20132,7 m\u00b2 z 1 tony<br \/>\n\u2022 Opakowanie: big-bagi o wadze 1,4\u20131,6 t<br \/>\n\u2022 Dost\u0119pna ilo\u015b\u0107: 250 ton<br \/>\n\u2022 Odpowiednia do projekt\u00f3w miejskich, prywatnych ogrod\u00f3w, posesji i renowacji<\/p>\n<p>&nbsp;<\/p>\n","protected":false},"excerpt":{"rendered":"<h4>Oferujemy wyj\u0105tkow\u0105, historyczn\u0105 kostk\u0119 brukow\u0105 z kolorowego granitu o przybli\u017conych wymiarach 18 x 18 x 18\u201327 cm. Kamienie pochodz\u0105 bezpo\u015brednio z dawnej zabudowy miejskiej Gda\u0144ska i maj\u0105 oko\u0142o 200 lat. R\u0119cznie \u0142upane, z pi\u0119knie zu\u017cyt\u0105, naturalnie wyg\u0142adzon\u0105 powierzchni\u0105 \u2014 nadadz\u0105 niepowtarzalny klimat ka\u017cdemu projektowi.<\/h4>\n<h4>Sprzedajemy dok\u0142adnie te kostki, kt\u00f3re wida\u0107 na zdj\u0119ciach.<\/h4>\n<h4>Cena:<br \/>\n\u2022 190,00 \u20ac netto za 1 ton\u0119<br \/>\n\u2022 4 750,00 \u20ac netto za 25 ton (ok. 65 m\u00b2)<\/h4>\n<p>Do cen nale\u017cy doliczy\u0107 19% VAT przy zakupach prywatnych. Ceny skierowane do firm z europejskim numerem VAT.<\/p>\n","protected":false},"featured_media":401,"comment_status":"open","ping_status":"closed","template":"","meta":{"neve_meta_sidebar":"","neve_meta_container":"","neve_meta_enable_content_width":"off","neve_meta_content_width":100,"neve_meta_title_alignment":"","neve_meta_author_avatar":"","neve_post_elements_order":"","neve_meta_disable_header":"","neve_meta_disable_footer":"","neve_meta_disable_title":""},"product_brand":[],"product_cat":[15,19],"product_tag":[53,57,46,27,48,62,61,47,52,50,28,59,60,56,54,26,51,58,55,49],"class_list":{"0":"post-400","1":"product","2":"type-product","3":"status-publish","4":"has-post-thumbnail","6":"product_cat-bez-kategorii","7":"product_cat-antyczne-materialy","8":"product_tag-bruk-do-ogrodu","9":"product_tag-bruk-europejski","10":"product_tag-bruk-gdansk","11":"product_tag-bruk-historyczny","12":"product_tag-bruk-kolorowy","13":"product_tag-bruk-styl-retro","14":"product_tag-bruk-z-dusza","15":"product_tag-bruk-z-rozbiorki","16":"product_tag-granit-18x18","17":"product_tag-kamien-z-historia","18":"product_tag-kostka-brukowa","19":"product_tag-kostka-brukowa-antyczna","20":"product_tag-kostka-brukowa-z-gdanska","21":"product_tag-kostka-dekoracyjna","22":"product_tag-kostka-do-podjazdu","23":"product_tag-kostka-granitowa","24":"product_tag-kostka-recznie-lupana","25":"product_tag-kostka-zabytkowa","26":"product_tag-materialy-rozbiorkowe","27":"product_tag-stara-kostka","29":"first","30":"instock","31":"shipping-taxable","32":"product-type-simple"},"yoast_head":"<!-- This site is optimized with the Yoast SEO plugin v26.6 - https:\/\/yoast.com\/wordpress\/plugins\/seo\/ -->\n<title>Historyczna kostka granitowa 18\u00d718-27 cm \u2013 ok. 200 lat - EDGARUS<\/title>\n<meta name=\"robots\" content=\"index, follow, max-snippet:-1, max-image-preview:large, max-video-preview:-1\" \/>\n<link rel=\"canonical\" href=\"https:\/\/edgarus.com\/?product=historyczna-kostka-granitowa-18x18-27-cm-ok-200-lat\" \/>\n<meta property=\"og:locale\" content=\"pl_PL\" \/>\n<meta property=\"og:type\" content=\"article\" \/>\n<meta property=\"og:title\" content=\"Historyczna kostka granitowa 18\u00d718-27 cm \u2013 ok. 200 lat - EDGARUS\" \/>\n<meta property=\"og:description\" content=\"Oferujemy wyj\u0105tkow\u0105, historyczn\u0105 kostk\u0119 brukow\u0105 z kolorowego granitu o przybli\u017conych wymiarach 18 x 18 x 18\u201327 cm. Kamienie pochodz\u0105 bezpo\u015brednio z dawnej zabudowy miejskiej Gda\u0144ska i maj\u0105 oko\u0142o 200 lat. R\u0119cznie \u0142upane, z pi\u0119knie zu\u017cyt\u0105, naturalnie wyg\u0142adzon\u0105 powierzchni\u0105 \u2014 nadadz\u0105 niepowtarzalny klimat ka\u017cdemu projektowi. Sprzedajemy dok\u0142adnie te kostki, kt\u00f3re wida\u0107 na zdj\u0119ciach. Cena: \u2022 190,00 \u20ac netto za 1 ton\u0119 \u2022 4 750,00 \u20ac netto za 25 ton (ok. 65 m\u00b2) Do cen nale\u017cy doliczy\u0107 19% VAT przy zakupach prywatnych. Ceny skierowane do firm z europejskim numerem VAT.\" \/>\n<meta property=\"og:url\" content=\"https:\/\/edgarus.com\/?product=historyczna-kostka-granitowa-18x18-27-cm-ok-200-lat\" \/>\n<meta property=\"og:site_name\" content=\"EDGARUS\" \/>\n<meta property=\"article:modified_time\" content=\"2025-09-08T20:03:08+00:00\" \/>\n<meta name=\"twitter:card\" content=\"summary_large_image\" \/>\n<meta name=\"twitter:label1\" content=\"Szacowany czas czytania\" \/>\n\t<meta name=\"twitter:data1\" content=\"1 minuta\" \/>\n<script type=\"application\/ld+json\" class=\"yoast-schema-graph\">{\"@context\":\"https:\/\/schema.org\",\"@graph\":[{\"@type\":\"WebPage\",\"@id\":\"https:\/\/edgarus.com\/?product=historyczna-kostka-granitowa-18x18-27-cm-ok-200-lat\",\"url\":\"https:\/\/edgarus.com\/?product=historyczna-kostka-granitowa-18x18-27-cm-ok-200-lat\",\"name\":\"Historyczna kostka granitowa 18\u00d718-27 cm \u2013 ok. 200 lat - EDGARUS\",\"isPartOf\":{\"@id\":\"https:\/\/edgarus.com\/#website\"},\"primaryImageOfPage\":{\"@id\":\"https:\/\/edgarus.com\/?product=historyczna-kostka-granitowa-18x18-27-cm-ok-200-lat#primaryimage\"},\"image\":{\"@id\":\"https:\/\/edgarus.com\/?product=historyczna-kostka-granitowa-18x18-27-cm-ok-200-lat#primaryimage\"},\"thumbnailUrl\":\"https:\/\/edgarus.com\/wp-content\/uploads\/2025\/04\/e6806d29-cc5c-4de1-a954-495285cde588.avif\",\"datePublished\":\"2025-04-11T10:28:28+00:00\",\"dateModified\":\"2025-09-08T20:03:08+00:00\",\"breadcrumb\":{\"@id\":\"https:\/\/edgarus.com\/?product=historyczna-kostka-granitowa-18x18-27-cm-ok-200-lat#breadcrumb\"},\"inLanguage\":\"pl-PL\",\"potentialAction\":[{\"@type\":\"ReadAction\",\"target\":[\"https:\/\/edgarus.com\/?product=historyczna-kostka-granitowa-18x18-27-cm-ok-200-lat\"]}]},{\"@type\":\"ImageObject\",\"inLanguage\":\"pl-PL\",\"@id\":\"https:\/\/edgarus.com\/?product=historyczna-kostka-granitowa-18x18-27-cm-ok-200-lat#primaryimage\",\"url\":\"https:\/\/edgarus.com\/wp-content\/uploads\/2025\/04\/e6806d29-cc5c-4de1-a954-495285cde588.avif\",\"contentUrl\":\"https:\/\/edgarus.com\/wp-content\/uploads\/2025\/04\/e6806d29-cc5c-4de1-a954-495285cde588.avif\",\"width\":1024,\"height\":768},{\"@type\":\"BreadcrumbList\",\"@id\":\"https:\/\/edgarus.com\/?product=historyczna-kostka-granitowa-18x18-27-cm-ok-200-lat#breadcrumb\",\"itemListElement\":[{\"@type\":\"ListItem\",\"position\":1,\"name\":\"Strona g\u0142\u00f3wna\",\"item\":\"https:\/\/edgarus.com\/\"},{\"@type\":\"ListItem\",\"position\":2,\"name\":\"Produkty\",\"item\":\"https:\/\/edgarus.com\/?post_type=product\"},{\"@type\":\"ListItem\",\"position\":3,\"name\":\"Historyczna kostka granitowa 18\u00d718-27 cm \u2013 ok. 200 lat\"}]},{\"@type\":\"WebSite\",\"@id\":\"https:\/\/edgarus.com\/#website\",\"url\":\"https:\/\/edgarus.com\/\",\"name\":\"EDGARUS\",\"description\":\"Z natury niezwyk\u0142e, z historii wieczne\",\"potentialAction\":[{\"@type\":\"SearchAction\",\"target\":{\"@type\":\"EntryPoint\",\"urlTemplate\":\"https:\/\/edgarus.com\/?s={search_term_string}\"},\"query-input\":{\"@type\":\"PropertyValueSpecification\",\"valueRequired\":true,\"valueName\":\"search_term_string\"}}],\"inLanguage\":\"pl-PL\"}]}<\/script>\n<!-- \/ Yoast SEO plugin. -->","yoast_head_json":{"title":"Historyczna kostka granitowa 18\u00d718-27 cm \u2013 ok. 200 lat - EDGARUS","robots":{"index":"index","follow":"follow","max-snippet":"max-snippet:-1","max-image-preview":"max-image-preview:large","max-video-preview":"max-video-preview:-1"},"canonical":"https:\/\/edgarus.com\/?product=historyczna-kostka-granitowa-18x18-27-cm-ok-200-lat","og_locale":"pl_PL","og_type":"article","og_title":"Historyczna kostka granitowa 18\u00d718-27 cm \u2013 ok. 200 lat - EDGARUS","og_description":"Oferujemy wyj\u0105tkow\u0105, historyczn\u0105 kostk\u0119 brukow\u0105 z kolorowego granitu o przybli\u017conych wymiarach 18 x 18 x 18\u201327 cm. Kamienie pochodz\u0105 bezpo\u015brednio z dawnej zabudowy miejskiej Gda\u0144ska i maj\u0105 oko\u0142o 200 lat. R\u0119cznie \u0142upane, z pi\u0119knie zu\u017cyt\u0105, naturalnie wyg\u0142adzon\u0105 powierzchni\u0105 \u2014 nadadz\u0105 niepowtarzalny klimat ka\u017cdemu projektowi. Sprzedajemy dok\u0142adnie te kostki, kt\u00f3re wida\u0107 na zdj\u0119ciach. Cena: \u2022 190,00 \u20ac netto za 1 ton\u0119 \u2022 4 750,00 \u20ac netto za 25 ton (ok. 65 m\u00b2) Do cen nale\u017cy doliczy\u0107 19% VAT przy zakupach prywatnych. Ceny skierowane do firm z europejskim numerem VAT.","og_url":"https:\/\/edgarus.com\/?product=historyczna-kostka-granitowa-18x18-27-cm-ok-200-lat","og_site_name":"EDGARUS","article_modified_time":"2025-09-08T20:03:08+00:00","twitter_card":"summary_large_image","twitter_misc":{"Szacowany czas czytania":"1 minuta"},"schema":{"@context":"https:\/\/schema.org","@graph":[{"@type":"WebPage","@id":"https:\/\/edgarus.com\/?product=historyczna-kostka-granitowa-18x18-27-cm-ok-200-lat","url":"https:\/\/edgarus.com\/?product=historyczna-kostka-granitowa-18x18-27-cm-ok-200-lat","name":"Historyczna kostka granitowa 18\u00d718-27 cm \u2013 ok. 200 lat - EDGARUS","isPartOf":{"@id":"https:\/\/edgarus.com\/#website"},"primaryImageOfPage":{"@id":"https:\/\/edgarus.com\/?product=historyczna-kostka-granitowa-18x18-27-cm-ok-200-lat#primaryimage"},"image":{"@id":"https:\/\/edgarus.com\/?product=historyczna-kostka-granitowa-18x18-27-cm-ok-200-lat#primaryimage"},"thumbnailUrl":"https:\/\/edgarus.com\/wp-content\/uploads\/2025\/04\/e6806d29-cc5c-4de1-a954-495285cde588.avif","datePublished":"2025-04-11T10:28:28+00:00","dateModified":"2025-09-08T20:03:08+00:00","breadcrumb":{"@id":"https:\/\/edgarus.com\/?product=historyczna-kostka-granitowa-18x18-27-cm-ok-200-lat#breadcrumb"},"inLanguage":"pl-PL","potentialAction":[{"@type":"ReadAction","target":["https:\/\/edgarus.com\/?product=historyczna-kostka-granitowa-18x18-27-cm-ok-200-lat"]}]},{"@type":"ImageObject","inLanguage":"pl-PL","@id":"https:\/\/edgarus.com\/?product=historyczna-kostka-granitowa-18x18-27-cm-ok-200-lat#primaryimage","url":"https:\/\/edgarus.com\/wp-content\/uploads\/2025\/04\/e6806d29-cc5c-4de1-a954-495285cde588.avif","contentUrl":"https:\/\/edgarus.com\/wp-content\/uploads\/2025\/04\/e6806d29-cc5c-4de1-a954-495285cde588.avif","width":1024,"height":768},{"@type":"BreadcrumbList","@id":"https:\/\/edgarus.com\/?product=historyczna-kostka-granitowa-18x18-27-cm-ok-200-lat#breadcrumb","itemListElement":[{"@type":"ListItem","position":1,"name":"Strona g\u0142\u00f3wna","item":"https:\/\/edgarus.com\/"},{"@type":"ListItem","position":2,"name":"Produkty","item":"https:\/\/edgarus.com\/?post_type=product"},{"@type":"ListItem","position":3,"name":"Historyczna kostka granitowa 18\u00d718-27 cm \u2013 ok. 200 lat"}]},{"@type":"WebSite","@id":"https:\/\/edgarus.com\/#website","url":"https:\/\/edgarus.com\/","name":"EDGARUS","description":"Z natury niezwyk\u0142e, z historii wieczne","potentialAction":[{"@type":"SearchAction","target":{"@type":"EntryPoint","urlTemplate":"https:\/\/edgarus.com\/?s={search_term_string}"},"query-input":{"@type":"PropertyValueSpecification","valueRequired":true,"valueName":"search_term_string"}}],"inLanguage":"pl-PL"}]}},"_links":{"self":[{"href":"https:\/\/edgarus.com\/index.php?rest_route=\/wp\/v2\/product\/400","targetHints":{"allow":["GET"]}}],"collection":[{"href":"https:\/\/edgarus.com\/index.php?rest_route=\/wp\/v2\/product"}],"about":[{"href":"https:\/\/edgarus.com\/index.php?rest_route=\/wp\/v2\/types\/product"}],"replies":[{"embeddable":true,"href":"https:\/\/edgarus.com\/index.php?rest_route=%2Fwp%2Fv2%2Fcomments&post=400"}],"wp:featuredmedia":[{"embeddable":true,"href":"https:\/\/edgarus.com\/index.php?rest_route=\/wp\/v2\/media\/401"}],"wp:attachment":[{"href":"https:\/\/edgarus.com\/index.php?rest_route=%2Fwp%2Fv2%2Fmedia&parent=400"}],"wp:term":[{"taxonomy":"product_brand","embeddable":true,"href":"https:\/\/edgarus.com\/index.php?rest_route=%2Fwp%2Fv2%2Fproduct_brand&post=400"},{"taxonomy":"product_cat","embeddable":true,"href":"https:\/\/edgarus.com\/index.php?rest_route=%2Fwp%2Fv2%2Fproduct_cat&post=400"},{"taxonomy":"product_tag","embeddable":true,"href":"https:\/\/edgarus.com\/index.php?rest_route=%2Fwp%2Fv2%2Fproduct_tag&post=400"}],"curies":[{"name":"wp","href":"https:\/\/api.w.org\/{rel}","templated":true}]}}