{"id":486,"date":"2025-04-22T10:59:16","date_gmt":"2025-04-22T08:59:16","guid":{"rendered":"https:\/\/edgarus.com\/?post_type=product&#038;p=486"},"modified":"2025-04-22T10:59:16","modified_gmt":"2025-04-22T08:59:16","slug":"historyczna-kostka-granitowa-7x9-cm-szaro-zolta-ok-200-lat","status":"publish","type":"product","link":"https:\/\/edgarus.com\/?product=historyczna-kostka-granitowa-7x9-cm-szaro-zolta-ok-200-lat","title":{"rendered":"Historyczna kostka granitowa 7&#215;9 cm \u2013 szaro-\u017c\u00f3\u0142ta, ok. 200 lat"},"content":{"rendered":"<p>Frakcja: ok. 7&#215;9 cm<br \/>\nPakowanie: big bagi (1,4\u20131,6 t)<br \/>\nWydajno\u015b\u0107: ok. 6,5 m\u00b2 z 1 tony<br \/>\nDost\u0119pno\u015b\u0107: 500 m\u00b2<\/p>\n<p>Transport:<br \/>\nRealizujemy dostawy w ca\u0142ej Unii Europejskiej i Szwajcarii.<br \/>\nMo\u017cliwo\u015b\u0107 za\u0142adunku do 25 ton na pe\u0142en pojazd ci\u0119\u017carowy.<br \/>\nKoszt transportu zale\u017cny od lokalizacji \u2013 zapytaj nas o indywidualn\u0105 wycen\u0119.<\/p>\n<p>Kontakt:<br \/>\n\u2022 info@edgarus.com<br \/>\n\u2022 \u202a+48 504 109 661\u202c<\/p>\n<p>Zapraszamy r\u00f3wnie\u017c do zapoznania si\u0119 z innymi produktami \u2013 oferujemy r\u00f3\u017cne historyczne p\u0142yty i kostki granitowe oraz elementy z piaskowca.<\/p>\n<p>Zach\u0119camy do odwiedzenia naszej firmy \u2013 prosimy o wcze\u015bniejsze um\u00f3wienie terminu wizyty.<\/p>\n","protected":false},"excerpt":{"rendered":"<h4>Oferujemy przepi\u0119kn\u0105 kostk\u0119 brukow\u0105 z szaro-\u017c\u00f3\u0142tego granitu, r\u0119cznie \u0142upan\u0105, pochodz\u0105c\u0105 z rozbi\u00f3rek. Kamie\u0144 ma ok. 200 lat, jest pi\u0119knie zu\u017cyty, z oryginaln\u0105, historyczn\u0105 powierzchni\u0105, kt\u00f3ra nada wyj\u0105tkowy charakter ka\u017cdemu miejscu.<\/h4>\n<h4>Sprzedajemy dok\u0142adnie te kamienie, kt\u00f3re widoczne s\u0105 na zdj\u0119ciach.<br \/>\nFrakcja: ok. 7&#215;9 cm<br \/>\nPakowanie: big bagi (1,4\u20131,6 t)<br \/>\nWydajno\u015b\u0107: ok. 6,5 m\u00b2 z 1 tony<br \/>\nDost\u0119pno\u015b\u0107: 500 m\u00b2<\/h4>\n<h4>Cennik:<br \/>\n\u2022 45,00 \u20ac netto \/ m\u00b2<br \/>\n\u2022 4 500,00 \u20ac netto \/ 100 m\u00b2<\/h4>\n<p>Cena dotyczy klient\u00f3w z aktywnym numerem VAT UE. Dla klient\u00f3w indywidualnych nale\u017cy doliczy\u0107 19% VAT.<\/p>\n<p>&nbsp;<\/p>\n","protected":false},"featured_media":487,"comment_status":"open","ping_status":"closed","template":"","meta":{"neve_meta_sidebar":"","neve_meta_container":"","neve_meta_enable_content_width":"off","neve_meta_content_width":100,"neve_meta_title_alignment":"","neve_meta_author_avatar":"","neve_post_elements_order":"","neve_meta_disable_header":"","neve_meta_disable_footer":"","neve_meta_disable_title":""},"product_brand":[],"product_cat":[19],"product_tag":[53,57,46,27,48,62,61,47,52,50,28,59,56,54,26,51,58,55,49],"class_list":{"0":"post-486","1":"product","2":"type-product","3":"status-publish","4":"has-post-thumbnail","6":"product_cat-antyczne-materialy","7":"product_tag-bruk-do-ogrodu","8":"product_tag-bruk-europejski","9":"product_tag-bruk-gdansk","10":"product_tag-bruk-historyczny","11":"product_tag-bruk-kolorowy","12":"product_tag-bruk-styl-retro","13":"product_tag-bruk-z-dusza","14":"product_tag-bruk-z-rozbiorki","15":"product_tag-granit-18x18","16":"product_tag-kamien-z-historia","17":"product_tag-kostka-brukowa","18":"product_tag-kostka-brukowa-antyczna","19":"product_tag-kostka-dekoracyjna","20":"product_tag-kostka-do-podjazdu","21":"product_tag-kostka-granitowa","22":"product_tag-kostka-recznie-lupana","23":"product_tag-kostka-zabytkowa","24":"product_tag-materialy-rozbiorkowe","25":"product_tag-stara-kostka","27":"first","28":"instock","29":"shipping-taxable","30":"product-type-simple"},"yoast_head":"<!-- This site is optimized with the Yoast SEO plugin v26.6 - https:\/\/yoast.com\/wordpress\/plugins\/seo\/ -->\n<title>Historyczna kostka granitowa 7x9 cm \u2013 bruk z dusz\u0105, ok. 200 lat | EDGARUS<\/title>\n<meta name=\"description\" content=\"Oferujemy historyczn\u0105 kostk\u0119 granitow\u0105 7x9 cm z szaro-\u017c\u00f3\u0142tego kamienia. R\u0119cznie \u0142upana, ok. 200 lat, idealna do projekt\u00f3w z dusz\u0105. Transport w UE i Szwajcarii.\" \/>\n<meta name=\"robots\" content=\"index, follow, max-snippet:-1, max-image-preview:large, max-video-preview:-1\" \/>\n<link rel=\"canonical\" href=\"https:\/\/edgarus.com\/?product=historyczna-kostka-granitowa-7x9-cm-szaro-zolta-ok-200-lat\" \/>\n<meta property=\"og:locale\" content=\"pl_PL\" \/>\n<meta property=\"og:type\" content=\"article\" \/>\n<meta property=\"og:title\" content=\"Historyczna kostka granitowa 7x9 cm \u2013 bruk z dusz\u0105, ok. 200 lat | EDGARUS\" \/>\n<meta property=\"og:description\" content=\"Oferujemy historyczn\u0105 kostk\u0119 granitow\u0105 7x9 cm z szaro-\u017c\u00f3\u0142tego kamienia. R\u0119cznie \u0142upana, ok. 200 lat, idealna do projekt\u00f3w z dusz\u0105. Transport w UE i Szwajcarii.\" \/>\n<meta property=\"og:url\" content=\"https:\/\/edgarus.com\/?product=historyczna-kostka-granitowa-7x9-cm-szaro-zolta-ok-200-lat\" \/>\n<meta property=\"og:site_name\" content=\"EDGARUS\" \/>\n<meta name=\"twitter:card\" content=\"summary_large_image\" \/>\n<meta name=\"twitter:label1\" content=\"Szacowany czas czytania\" \/>\n\t<meta name=\"twitter:data1\" content=\"1 minuta\" \/>\n<script type=\"application\/ld+json\" class=\"yoast-schema-graph\">{\"@context\":\"https:\/\/schema.org\",\"@graph\":[{\"@type\":\"WebPage\",\"@id\":\"https:\/\/edgarus.com\/?product=historyczna-kostka-granitowa-7x9-cm-szaro-zolta-ok-200-lat\",\"url\":\"https:\/\/edgarus.com\/?product=historyczna-kostka-granitowa-7x9-cm-szaro-zolta-ok-200-lat\",\"name\":\"Historyczna kostka granitowa 7x9 cm \u2013 bruk z dusz\u0105, ok. 200 lat | EDGARUS\",\"isPartOf\":{\"@id\":\"https:\/\/edgarus.com\/#website\"},\"primaryImageOfPage\":{\"@id\":\"https:\/\/edgarus.com\/?product=historyczna-kostka-granitowa-7x9-cm-szaro-zolta-ok-200-lat#primaryimage\"},\"image\":{\"@id\":\"https:\/\/edgarus.com\/?product=historyczna-kostka-granitowa-7x9-cm-szaro-zolta-ok-200-lat#primaryimage\"},\"thumbnailUrl\":\"https:\/\/edgarus.com\/wp-content\/uploads\/2025\/04\/0db8c189-73cc-497b-a207-c283443f9680.avif\",\"datePublished\":\"2025-04-22T08:59:16+00:00\",\"description\":\"Oferujemy historyczn\u0105 kostk\u0119 granitow\u0105 7x9 cm z szaro-\u017c\u00f3\u0142tego kamienia. R\u0119cznie \u0142upana, ok. 200 lat, idealna do projekt\u00f3w z dusz\u0105. Transport w UE i Szwajcarii.\",\"breadcrumb\":{\"@id\":\"https:\/\/edgarus.com\/?product=historyczna-kostka-granitowa-7x9-cm-szaro-zolta-ok-200-lat#breadcrumb\"},\"inLanguage\":\"pl-PL\",\"potentialAction\":[{\"@type\":\"ReadAction\",\"target\":[\"https:\/\/edgarus.com\/?product=historyczna-kostka-granitowa-7x9-cm-szaro-zolta-ok-200-lat\"]}]},{\"@type\":\"ImageObject\",\"inLanguage\":\"pl-PL\",\"@id\":\"https:\/\/edgarus.com\/?product=historyczna-kostka-granitowa-7x9-cm-szaro-zolta-ok-200-lat#primaryimage\",\"url\":\"https:\/\/edgarus.com\/wp-content\/uploads\/2025\/04\/0db8c189-73cc-497b-a207-c283443f9680.avif\",\"contentUrl\":\"https:\/\/edgarus.com\/wp-content\/uploads\/2025\/04\/0db8c189-73cc-497b-a207-c283443f9680.avif\",\"width\":800,\"height\":600},{\"@type\":\"BreadcrumbList\",\"@id\":\"https:\/\/edgarus.com\/?product=historyczna-kostka-granitowa-7x9-cm-szaro-zolta-ok-200-lat#breadcrumb\",\"itemListElement\":[{\"@type\":\"ListItem\",\"position\":1,\"name\":\"Strona g\u0142\u00f3wna\",\"item\":\"https:\/\/edgarus.com\/\"},{\"@type\":\"ListItem\",\"position\":2,\"name\":\"Produkty\",\"item\":\"https:\/\/edgarus.com\/?post_type=product\"},{\"@type\":\"ListItem\",\"position\":3,\"name\":\"Historyczna kostka granitowa 7&#215;9 cm \u2013 szaro-\u017c\u00f3\u0142ta, ok. 200 lat\"}]},{\"@type\":\"WebSite\",\"@id\":\"https:\/\/edgarus.com\/#website\",\"url\":\"https:\/\/edgarus.com\/\",\"name\":\"EDGARUS\",\"description\":\"Z natury niezwyk\u0142e, z historii wieczne\",\"potentialAction\":[{\"@type\":\"SearchAction\",\"target\":{\"@type\":\"EntryPoint\",\"urlTemplate\":\"https:\/\/edgarus.com\/?s={search_term_string}\"},\"query-input\":{\"@type\":\"PropertyValueSpecification\",\"valueRequired\":true,\"valueName\":\"search_term_string\"}}],\"inLanguage\":\"pl-PL\"}]}<\/script>\n<!-- \/ Yoast SEO plugin. -->","yoast_head_json":{"title":"Historyczna kostka granitowa 7x9 cm \u2013 bruk z dusz\u0105, ok. 200 lat | EDGARUS","description":"Oferujemy historyczn\u0105 kostk\u0119 granitow\u0105 7x9 cm z szaro-\u017c\u00f3\u0142tego kamienia. R\u0119cznie \u0142upana, ok. 200 lat, idealna do projekt\u00f3w z dusz\u0105. Transport w UE i Szwajcarii.","robots":{"index":"index","follow":"follow","max-snippet":"max-snippet:-1","max-image-preview":"max-image-preview:large","max-video-preview":"max-video-preview:-1"},"canonical":"https:\/\/edgarus.com\/?product=historyczna-kostka-granitowa-7x9-cm-szaro-zolta-ok-200-lat","og_locale":"pl_PL","og_type":"article","og_title":"Historyczna kostka granitowa 7x9 cm \u2013 bruk z dusz\u0105, ok. 200 lat | EDGARUS","og_description":"Oferujemy historyczn\u0105 kostk\u0119 granitow\u0105 7x9 cm z szaro-\u017c\u00f3\u0142tego kamienia. R\u0119cznie \u0142upana, ok. 200 lat, idealna do projekt\u00f3w z dusz\u0105. Transport w UE i Szwajcarii.","og_url":"https:\/\/edgarus.com\/?product=historyczna-kostka-granitowa-7x9-cm-szaro-zolta-ok-200-lat","og_site_name":"EDGARUS","twitter_card":"summary_large_image","twitter_misc":{"Szacowany czas czytania":"1 minuta"},"schema":{"@context":"https:\/\/schema.org","@graph":[{"@type":"WebPage","@id":"https:\/\/edgarus.com\/?product=historyczna-kostka-granitowa-7x9-cm-szaro-zolta-ok-200-lat","url":"https:\/\/edgarus.com\/?product=historyczna-kostka-granitowa-7x9-cm-szaro-zolta-ok-200-lat","name":"Historyczna kostka granitowa 7x9 cm \u2013 bruk z dusz\u0105, ok. 200 lat | EDGARUS","isPartOf":{"@id":"https:\/\/edgarus.com\/#website"},"primaryImageOfPage":{"@id":"https:\/\/edgarus.com\/?product=historyczna-kostka-granitowa-7x9-cm-szaro-zolta-ok-200-lat#primaryimage"},"image":{"@id":"https:\/\/edgarus.com\/?product=historyczna-kostka-granitowa-7x9-cm-szaro-zolta-ok-200-lat#primaryimage"},"thumbnailUrl":"https:\/\/edgarus.com\/wp-content\/uploads\/2025\/04\/0db8c189-73cc-497b-a207-c283443f9680.avif","datePublished":"2025-04-22T08:59:16+00:00","description":"Oferujemy historyczn\u0105 kostk\u0119 granitow\u0105 7x9 cm z szaro-\u017c\u00f3\u0142tego kamienia. R\u0119cznie \u0142upana, ok. 200 lat, idealna do projekt\u00f3w z dusz\u0105. Transport w UE i Szwajcarii.","breadcrumb":{"@id":"https:\/\/edgarus.com\/?product=historyczna-kostka-granitowa-7x9-cm-szaro-zolta-ok-200-lat#breadcrumb"},"inLanguage":"pl-PL","potentialAction":[{"@type":"ReadAction","target":["https:\/\/edgarus.com\/?product=historyczna-kostka-granitowa-7x9-cm-szaro-zolta-ok-200-lat"]}]},{"@type":"ImageObject","inLanguage":"pl-PL","@id":"https:\/\/edgarus.com\/?product=historyczna-kostka-granitowa-7x9-cm-szaro-zolta-ok-200-lat#primaryimage","url":"https:\/\/edgarus.com\/wp-content\/uploads\/2025\/04\/0db8c189-73cc-497b-a207-c283443f9680.avif","contentUrl":"https:\/\/edgarus.com\/wp-content\/uploads\/2025\/04\/0db8c189-73cc-497b-a207-c283443f9680.avif","width":800,"height":600},{"@type":"BreadcrumbList","@id":"https:\/\/edgarus.com\/?product=historyczna-kostka-granitowa-7x9-cm-szaro-zolta-ok-200-lat#breadcrumb","itemListElement":[{"@type":"ListItem","position":1,"name":"Strona g\u0142\u00f3wna","item":"https:\/\/edgarus.com\/"},{"@type":"ListItem","position":2,"name":"Produkty","item":"https:\/\/edgarus.com\/?post_type=product"},{"@type":"ListItem","position":3,"name":"Historyczna kostka granitowa 7&#215;9 cm \u2013 szaro-\u017c\u00f3\u0142ta, ok. 200 lat"}]},{"@type":"WebSite","@id":"https:\/\/edgarus.com\/#website","url":"https:\/\/edgarus.com\/","name":"EDGARUS","description":"Z natury niezwyk\u0142e, z historii wieczne","potentialAction":[{"@type":"SearchAction","target":{"@type":"EntryPoint","urlTemplate":"https:\/\/edgarus.com\/?s={search_term_string}"},"query-input":{"@type":"PropertyValueSpecification","valueRequired":true,"valueName":"search_term_string"}}],"inLanguage":"pl-PL"}]}},"_links":{"self":[{"href":"https:\/\/edgarus.com\/index.php?rest_route=\/wp\/v2\/product\/486","targetHints":{"allow":["GET"]}}],"collection":[{"href":"https:\/\/edgarus.com\/index.php?rest_route=\/wp\/v2\/product"}],"about":[{"href":"https:\/\/edgarus.com\/index.php?rest_route=\/wp\/v2\/types\/product"}],"replies":[{"embeddable":true,"href":"https:\/\/edgarus.com\/index.php?rest_route=%2Fwp%2Fv2%2Fcomments&post=486"}],"wp:featuredmedia":[{"embeddable":true,"href":"https:\/\/edgarus.com\/index.php?rest_route=\/wp\/v2\/media\/487"}],"wp:attachment":[{"href":"https:\/\/edgarus.com\/index.php?rest_route=%2Fwp%2Fv2%2Fmedia&parent=486"}],"wp:term":[{"taxonomy":"product_brand","embeddable":true,"href":"https:\/\/edgarus.com\/index.php?rest_route=%2Fwp%2Fv2%2Fproduct_brand&post=486"},{"taxonomy":"product_cat","embeddable":true,"href":"https:\/\/edgarus.com\/index.php?rest_route=%2Fwp%2Fv2%2Fproduct_cat&post=486"},{"taxonomy":"product_tag","embeddable":true,"href":"https:\/\/edgarus.com\/index.php?rest_route=%2Fwp%2Fv2%2Fproduct_tag&post=486"}],"curies":[{"name":"wp","href":"https:\/\/api.w.org\/{rel}","templated":true}]}}