{"id":877,"date":"2025-12-16T12:21:27","date_gmt":"2025-12-16T11:21:27","guid":{"rendered":"https:\/\/edgarus.com\/?post_type=product&#038;p=877"},"modified":"2025-12-16T12:21:27","modified_gmt":"2025-12-16T11:21:27","slug":"historyczne-plyty-granitowe-szerokosc-stala-125-cm-rozne-dlugosci","status":"publish","type":"product","link":"https:\/\/edgarus.com\/?product=historyczne-plyty-granitowe-szerokosc-stala-125-cm-rozne-dlugosci","title":{"rendered":"Historyczne p\u0142yty granitowe \u2013 szeroko\u015b\u0107 sta\u0142a 125 cm, r\u00f3\u017cne d\u0142ugo\u015bci"},"content":{"rendered":"<p data-start=\"1119\" data-end=\"1189\">\n<h3 data-start=\"1196\" data-end=\"1212\">\ud83d\ude9a Transport<\/h3>\n<p data-start=\"1213\" data-end=\"1284\">Realizujemy dostawy na terenie <strong data-start=\"1244\" data-end=\"1283\">wszystkich kraj\u00f3w Unii Europejskiej<\/strong>.<\/p>\n<p data-start=\"1286\" data-end=\"1314\">Do roz\u0142adunku wymagane jest:<\/p>\n<ul data-start=\"1315\" data-end=\"1482\">\n<li data-start=\"1315\" data-end=\"1366\">\n<p data-start=\"1317\" data-end=\"1366\">urz\u0105dzenie roz\u0142adunkowe o <strong data-start=\"1343\" data-end=\"1363\">ud\u017awigu min. 2 t<\/strong>,<\/p>\n<\/li>\n<li data-start=\"1367\" data-end=\"1482\">\n<p data-start=\"1369\" data-end=\"1482\">informacja o mo\u017cliwo\u015bci dojazdu dla pojazdu <strong data-start=\"1413\" data-end=\"1428\">40-tonowego<\/strong> (ograniczenia tona\u017cowe, w\u0105skie drogi, ostre zakr\u0119ty).<\/p>\n<\/li>\n<\/ul>\n<p data-start=\"1484\" data-end=\"1558\">Dost\u0119pnych jest <strong data-start=\"1500\" data-end=\"1530\">kilka wariant\u00f3w transportu<\/strong>, dobieranych indywidualnie.<\/p>\n<p data-start=\"1560\" data-end=\"1608\">Do przygotowania wyceny transportu potrzebne s\u0105:<\/p>\n<ul data-start=\"1609\" data-end=\"1699\">\n<li data-start=\"1609\" data-end=\"1640\">\n<p data-start=\"1611\" data-end=\"1640\">kod pocztowy i miejscowo\u015b\u0107,<\/p>\n<\/li>\n<li data-start=\"1641\" data-end=\"1699\">\n<p data-start=\"1643\" data-end=\"1699\">informacje dotycz\u0105ce roz\u0142adunku (w\u00f3zek wid\u0142owy, ud\u017awig).<\/p>\n<\/li>\n<\/ul>\n<hr data-start=\"1701\" data-end=\"1704\" \/>\n<h3 data-start=\"1706\" data-end=\"1745\">\ud83d\udcb0 P\u0142atno\u015b\u0107 i bezpiecze\u0144stwo zakupu<\/h3>\n<p data-start=\"1746\" data-end=\"1820\">Mo\u017cliwa <strong data-start=\"1754\" data-end=\"1788\">p\u0142atno\u015b\u0107 got\u00f3wk\u0105 przy odbiorze<\/strong> (po wcze\u015bniejszym uzgodnieniu).<\/p>\n<p data-start=\"1822\" data-end=\"1834\">Na \u017cyczenie:<\/p>\n<ul data-start=\"1835\" data-end=\"1957\">\n<li data-start=\"1835\" data-end=\"1881\">\n<p data-start=\"1837\" data-end=\"1881\">przesy\u0142amy <strong data-start=\"1848\" data-end=\"1878\">aktualne zdj\u0119cia materia\u0142u<\/strong>,<\/p>\n<\/li>\n<li data-start=\"1882\" data-end=\"1957\">\n<p data-start=\"1884\" data-end=\"1957\">przedstawiamy <strong data-start=\"1898\" data-end=\"1928\">dok\u0142adn\u0105 wycen\u0119 transportu<\/strong> przed realizacj\u0105 zam\u00f3wienia.<\/p>\n<\/li>\n<\/ul>\n<p data-start=\"1959\" data-end=\"2043\">Zakup realizowany jest <strong data-start=\"1982\" data-end=\"1996\">bez ryzyka<\/strong> \u2013 wszystkie warunki ustalane s\u0105 przed wysy\u0142k\u0105.<\/p>\n<hr data-start=\"2045\" data-end=\"2048\" \/>\n<h3 data-start=\"2050\" data-end=\"2077\">\ud83e\uddfe Informacje dodatkowe<\/h3>\n<p data-start=\"2078\" data-end=\"2255\">Kamie\u0144 naturalny i historyczny mo\u017ce wykazywa\u0107 <strong data-start=\"2124\" data-end=\"2173\">r\u00f3\u017cnice w kolorystyce, strukturze i wymiarach<\/strong>.<br data-start=\"2174\" data-end=\"2177\" \/>S\u0105 to cechy materia\u0142u autentycznego i <strong data-start=\"2215\" data-end=\"2254\">nie stanowi\u0105 podstawy do reklamacji<\/strong>.<\/p>\n<hr data-start=\"2257\" data-end=\"2260\" \/>\n<h3 data-start=\"2262\" data-end=\"2276\">\ud83d\udcde Kontakt<\/h3>\n<p data-start=\"2277\" data-end=\"2326\">\ud83d\udce7 <strong data-start=\"2280\" data-end=\"2300\"><a class=\"decorated-link cursor-pointer\" rel=\"noopener\" data-start=\"2282\" data-end=\"2298\">info@edgarus.com<\/a><\/strong><br data-start=\"2300\" data-end=\"2303\" \/>\ud83d\udcf1 <strong data-start=\"2306\" data-end=\"2326\">0048 504 109 661<\/strong><\/p>\n<p data-start=\"2328\" data-end=\"2430\">Zapraszamy do kontaktu \u2014 zapewniamy rzeteln\u0105 obs\u0142ug\u0119 i pe\u0142ne doradztwo.<br data-start=\"2399\" data-end=\"2402\" \/>M\u00f3wimy r\u00f3wnie\u017c po niemiecku.<\/p>\n","protected":false},"excerpt":{"rendered":"<p data-start=\"404\" data-end=\"653\">Oferujemy <strong data-start=\"414\" data-end=\"457\">oryginalne, historyczne p\u0142yty granitowe<\/strong> o <strong data-start=\"460\" data-end=\"488\">sta\u0142ej szeroko\u015bci 125 cm<\/strong> i zr\u00f3\u017cnicowanych d\u0142ugo\u015bciach.<br data-start=\"518\" data-end=\"521\" \/>Materia\u0142 zosta\u0142 <strong data-start=\"537\" data-end=\"588\">pozyskany z zachowaniem szczeg\u00f3lnej ostro\u017cno\u015bci<\/strong>, nast\u0119pnie posegregowany i u\u0142o\u017cony na <strong data-start=\"627\" data-end=\"652\">paletach europejskich<\/strong>.<\/p>\n<p data-start=\"655\" data-end=\"781\">P\u0142yty charakteryzuj\u0105 si\u0119 naturaln\u0105 patyn\u0105, \u015bladami u\u017cytkowania oraz autentycznym wygl\u0105dem, typowym dla kamienia historycznego.<\/p>\n<hr data-start=\"783\" data-end=\"786\" \/>\n<h3 data-start=\"788\" data-end=\"803\"><strong data-start=\"792\" data-end=\"803\">Wymiary<\/strong><\/h3>\n<ul data-start=\"804\" data-end=\"879\">\n<li data-start=\"804\" data-end=\"840\">\n<p data-start=\"806\" data-end=\"840\"><strong data-start=\"806\" data-end=\"820\">Szeroko\u015b\u0107:<\/strong> 125 cm (\u00b1 2,5 cm)<\/p>\n<\/li>\n<li data-start=\"841\" data-end=\"879\">\n<p data-start=\"843\" data-end=\"879\"><strong data-start=\"843\" data-end=\"856\">D\u0142ugo\u015bci:<\/strong> od <strong data-start=\"860\" data-end=\"879\">45 cm do 110 cm<\/strong><\/p>\n<\/li>\n<\/ul>\n<hr data-start=\"881\" data-end=\"884\" \/>\n<h3 data-start=\"886\" data-end=\"904\"><strong data-start=\"890\" data-end=\"904\">Dost\u0119pno\u015b\u0107<\/strong><\/h3>\n<ul data-start=\"905\" data-end=\"1018\">\n<li data-start=\"905\" data-end=\"943\">\n<p data-start=\"907\" data-end=\"943\">Aktualnie dost\u0119pne: <strong data-start=\"927\" data-end=\"941\">ok. 300 m\u00b2<\/strong><\/p>\n<\/li>\n<li data-start=\"944\" data-end=\"1018\">\n<p data-start=\"946\" data-end=\"1018\">Dodatkowo na stanie: <strong data-start=\"967\" data-end=\"998\">ok. 500 m\u00b2 p\u0142yt granitowych<\/strong> w r\u00f3\u017cnych formatach<\/p>\n<\/li>\n<\/ul>\n<hr data-start=\"1020\" data-end=\"1023\" \/>\n<h3 data-start=\"1025\" data-end=\"1040\">\ud83d\udcb6 <strong data-start=\"1032\" data-end=\"1040\">Cena<\/strong><\/h3>\n<ul data-start=\"1041\" data-end=\"1189\">\n<li data-start=\"1041\" data-end=\"1116\">\n<p data-start=\"1043\" data-end=\"1116\"><strong data-start=\"1043\" data-end=\"1068\">249,00 \u20ac netto \/ 1 m\u00b2<\/strong> \u2013 dla firm posiadaj\u0105cych aktywny numer VAT UE<\/p>\n<\/li>\n<li data-start=\"1117\" data-end=\"1189\">\n<p data-start=\"1119\" data-end=\"1189\"><strong data-start=\"1119\" data-end=\"1145\">296,31 \u20ac brutto \/ 1 m\u00b2<\/strong> \u2013 dla klient\u00f3w prywatnych (zawiera 19% VAT)<\/p>\n<\/li>\n<\/ul>\n","protected":false},"featured_media":888,"comment_status":"open","ping_status":"closed","template":"","meta":{"neve_meta_sidebar":"","neve_meta_container":"","neve_meta_enable_content_width":"off","neve_meta_content_width":100,"neve_meta_title_alignment":"","neve_meta_author_avatar":"","neve_post_elements_order":"","neve_meta_disable_header":"","neve_meta_disable_footer":"","neve_meta_disable_title":""},"product_brand":[],"product_cat":[19],"product_tag":[265,217,256,258,259,261,264,262,255,260,266,263,257],"class_list":{"0":"post-877","1":"product","2":"type-product","3":"status-publish","4":"has-post-thumbnail","6":"product_cat-antyczne-materialy","7":"product_tag-baustoffe-historisch","8":"product_tag-edgarus-granit","9":"product_tag-granitplatten-alt","10":"product_tag-granitplatten-antik","11":"product_tag-granitplatten-ausenbereich","12":"product_tag-granitplatten-garten","13":"product_tag-granitplatten-gebraucht","14":"product_tag-granitplatten-gehweg","15":"product_tag-historische-granitplatten","16":"product_tag-historische-steinplatten","17":"product_tag-naturstein-handel-europa","18":"product_tag-natursteinplatten-granit","19":"product_tag-natursteinplatten-historisch","21":"first","22":"instock","23":"shipping-taxable","24":"product-type-simple"},"yoast_head":"<!-- This site is optimized with the Yoast SEO plugin v26.6 - https:\/\/yoast.com\/wordpress\/plugins\/seo\/ -->\n<title>Historyczne p\u0142yty granitowe \u2013 szeroko\u015b\u0107 sta\u0142a 125 cm, r\u00f3\u017cne d\u0142ugo\u015bci - EDGARUS Historische Granitplatten 125 cm \u2013 Originale Natursteinplatten | EDGARUS<\/title>\n<meta name=\"description\" content=\"Historische Granitplatten mit fester Breite 125 cm und variablen L\u00e4ngen. Originale Natursteinplatten mit Patina. Lieferung in alle EU-L\u00e4nder.\" \/>\n<meta name=\"robots\" content=\"index, follow, max-snippet:-1, max-image-preview:large, max-video-preview:-1\" \/>\n<link rel=\"canonical\" href=\"https:\/\/edgarus.com\/?product=historyczne-plyty-granitowe-szerokosc-stala-125-cm-rozne-dlugosci\" \/>\n<meta property=\"og:locale\" content=\"pl_PL\" \/>\n<meta property=\"og:type\" content=\"article\" \/>\n<meta property=\"og:title\" content=\"Historyczne p\u0142yty granitowe \u2013 szeroko\u015b\u0107 sta\u0142a 125 cm, r\u00f3\u017cne d\u0142ugo\u015bci - EDGARUS Historische Granitplatten 125 cm \u2013 Originale Natursteinplatten | EDGARUS\" \/>\n<meta property=\"og:description\" content=\"Historische Granitplatten mit fester Breite 125 cm und variablen L\u00e4ngen. Originale Natursteinplatten mit Patina. Lieferung in alle EU-L\u00e4nder.\" \/>\n<meta property=\"og:url\" content=\"https:\/\/edgarus.com\/?product=historyczne-plyty-granitowe-szerokosc-stala-125-cm-rozne-dlugosci\" \/>\n<meta property=\"og:site_name\" content=\"EDGARUS\" \/>\n<meta name=\"twitter:card\" content=\"summary_large_image\" \/>\n<meta name=\"twitter:label1\" content=\"Szacowany czas czytania\" \/>\n\t<meta name=\"twitter:data1\" content=\"2 minuty\" \/>\n<script type=\"application\/ld+json\" class=\"yoast-schema-graph\">{\"@context\":\"https:\/\/schema.org\",\"@graph\":[{\"@type\":\"WebPage\",\"@id\":\"https:\/\/edgarus.com\/?product=historyczne-plyty-granitowe-szerokosc-stala-125-cm-rozne-dlugosci\",\"url\":\"https:\/\/edgarus.com\/?product=historyczne-plyty-granitowe-szerokosc-stala-125-cm-rozne-dlugosci\",\"name\":\"Historyczne p\u0142yty granitowe \u2013 szeroko\u015b\u0107 sta\u0142a 125 cm, r\u00f3\u017cne d\u0142ugo\u015bci - EDGARUS Historische Granitplatten 125 cm \u2013 Originale Natursteinplatten | EDGARUS\",\"isPartOf\":{\"@id\":\"https:\/\/edgarus.com\/#website\"},\"primaryImageOfPage\":{\"@id\":\"https:\/\/edgarus.com\/?product=historyczne-plyty-granitowe-szerokosc-stala-125-cm-rozne-dlugosci#primaryimage\"},\"image\":{\"@id\":\"https:\/\/edgarus.com\/?product=historyczne-plyty-granitowe-szerokosc-stala-125-cm-rozne-dlugosci#primaryimage\"},\"thumbnailUrl\":\"https:\/\/edgarus.com\/wp-content\/uploads\/2025\/12\/c3f52e49-3f4c-4415-bb18-382075e9c9a8.avif\",\"datePublished\":\"2025-12-16T11:21:27+00:00\",\"description\":\"Historische Granitplatten mit fester Breite 125 cm und variablen L\u00e4ngen. Originale Natursteinplatten mit Patina. Lieferung in alle EU-L\u00e4nder.\",\"breadcrumb\":{\"@id\":\"https:\/\/edgarus.com\/?product=historyczne-plyty-granitowe-szerokosc-stala-125-cm-rozne-dlugosci#breadcrumb\"},\"inLanguage\":\"pl-PL\",\"potentialAction\":[{\"@type\":\"ReadAction\",\"target\":[\"https:\/\/edgarus.com\/?product=historyczne-plyty-granitowe-szerokosc-stala-125-cm-rozne-dlugosci\"]}]},{\"@type\":\"ImageObject\",\"inLanguage\":\"pl-PL\",\"@id\":\"https:\/\/edgarus.com\/?product=historyczne-plyty-granitowe-szerokosc-stala-125-cm-rozne-dlugosci#primaryimage\",\"url\":\"https:\/\/edgarus.com\/wp-content\/uploads\/2025\/12\/c3f52e49-3f4c-4415-bb18-382075e9c9a8.avif\",\"contentUrl\":\"https:\/\/edgarus.com\/wp-content\/uploads\/2025\/12\/c3f52e49-3f4c-4415-bb18-382075e9c9a8.avif\",\"width\":800,\"height\":600},{\"@type\":\"BreadcrumbList\",\"@id\":\"https:\/\/edgarus.com\/?product=historyczne-plyty-granitowe-szerokosc-stala-125-cm-rozne-dlugosci#breadcrumb\",\"itemListElement\":[{\"@type\":\"ListItem\",\"position\":1,\"name\":\"Strona g\u0142\u00f3wna\",\"item\":\"https:\/\/edgarus.com\/\"},{\"@type\":\"ListItem\",\"position\":2,\"name\":\"Produkty\",\"item\":\"https:\/\/edgarus.com\/?post_type=product\"},{\"@type\":\"ListItem\",\"position\":3,\"name\":\"Historyczne p\u0142yty granitowe \u2013 szeroko\u015b\u0107 sta\u0142a 125 cm, r\u00f3\u017cne d\u0142ugo\u015bci\"}]},{\"@type\":\"WebSite\",\"@id\":\"https:\/\/edgarus.com\/#website\",\"url\":\"https:\/\/edgarus.com\/\",\"name\":\"EDGARUS\",\"description\":\"Z natury niezwyk\u0142e, z historii wieczne\",\"potentialAction\":[{\"@type\":\"SearchAction\",\"target\":{\"@type\":\"EntryPoint\",\"urlTemplate\":\"https:\/\/edgarus.com\/?s={search_term_string}\"},\"query-input\":{\"@type\":\"PropertyValueSpecification\",\"valueRequired\":true,\"valueName\":\"search_term_string\"}}],\"inLanguage\":\"pl-PL\"}]}<\/script>\n<!-- \/ Yoast SEO plugin. -->","yoast_head_json":{"title":"Historyczne p\u0142yty granitowe \u2013 szeroko\u015b\u0107 sta\u0142a 125 cm, r\u00f3\u017cne d\u0142ugo\u015bci - EDGARUS Historische Granitplatten 125 cm \u2013 Originale Natursteinplatten | EDGARUS","description":"Historische Granitplatten mit fester Breite 125 cm und variablen L\u00e4ngen. Originale Natursteinplatten mit Patina. Lieferung in alle EU-L\u00e4nder.","robots":{"index":"index","follow":"follow","max-snippet":"max-snippet:-1","max-image-preview":"max-image-preview:large","max-video-preview":"max-video-preview:-1"},"canonical":"https:\/\/edgarus.com\/?product=historyczne-plyty-granitowe-szerokosc-stala-125-cm-rozne-dlugosci","og_locale":"pl_PL","og_type":"article","og_title":"Historyczne p\u0142yty granitowe \u2013 szeroko\u015b\u0107 sta\u0142a 125 cm, r\u00f3\u017cne d\u0142ugo\u015bci - EDGARUS Historische Granitplatten 125 cm \u2013 Originale Natursteinplatten | EDGARUS","og_description":"Historische Granitplatten mit fester Breite 125 cm und variablen L\u00e4ngen. Originale Natursteinplatten mit Patina. Lieferung in alle EU-L\u00e4nder.","og_url":"https:\/\/edgarus.com\/?product=historyczne-plyty-granitowe-szerokosc-stala-125-cm-rozne-dlugosci","og_site_name":"EDGARUS","twitter_card":"summary_large_image","twitter_misc":{"Szacowany czas czytania":"2 minuty"},"schema":{"@context":"https:\/\/schema.org","@graph":[{"@type":"WebPage","@id":"https:\/\/edgarus.com\/?product=historyczne-plyty-granitowe-szerokosc-stala-125-cm-rozne-dlugosci","url":"https:\/\/edgarus.com\/?product=historyczne-plyty-granitowe-szerokosc-stala-125-cm-rozne-dlugosci","name":"Historyczne p\u0142yty granitowe \u2013 szeroko\u015b\u0107 sta\u0142a 125 cm, r\u00f3\u017cne d\u0142ugo\u015bci - EDGARUS Historische Granitplatten 125 cm \u2013 Originale Natursteinplatten | EDGARUS","isPartOf":{"@id":"https:\/\/edgarus.com\/#website"},"primaryImageOfPage":{"@id":"https:\/\/edgarus.com\/?product=historyczne-plyty-granitowe-szerokosc-stala-125-cm-rozne-dlugosci#primaryimage"},"image":{"@id":"https:\/\/edgarus.com\/?product=historyczne-plyty-granitowe-szerokosc-stala-125-cm-rozne-dlugosci#primaryimage"},"thumbnailUrl":"https:\/\/edgarus.com\/wp-content\/uploads\/2025\/12\/c3f52e49-3f4c-4415-bb18-382075e9c9a8.avif","datePublished":"2025-12-16T11:21:27+00:00","description":"Historische Granitplatten mit fester Breite 125 cm und variablen L\u00e4ngen. Originale Natursteinplatten mit Patina. Lieferung in alle EU-L\u00e4nder.","breadcrumb":{"@id":"https:\/\/edgarus.com\/?product=historyczne-plyty-granitowe-szerokosc-stala-125-cm-rozne-dlugosci#breadcrumb"},"inLanguage":"pl-PL","potentialAction":[{"@type":"ReadAction","target":["https:\/\/edgarus.com\/?product=historyczne-plyty-granitowe-szerokosc-stala-125-cm-rozne-dlugosci"]}]},{"@type":"ImageObject","inLanguage":"pl-PL","@id":"https:\/\/edgarus.com\/?product=historyczne-plyty-granitowe-szerokosc-stala-125-cm-rozne-dlugosci#primaryimage","url":"https:\/\/edgarus.com\/wp-content\/uploads\/2025\/12\/c3f52e49-3f4c-4415-bb18-382075e9c9a8.avif","contentUrl":"https:\/\/edgarus.com\/wp-content\/uploads\/2025\/12\/c3f52e49-3f4c-4415-bb18-382075e9c9a8.avif","width":800,"height":600},{"@type":"BreadcrumbList","@id":"https:\/\/edgarus.com\/?product=historyczne-plyty-granitowe-szerokosc-stala-125-cm-rozne-dlugosci#breadcrumb","itemListElement":[{"@type":"ListItem","position":1,"name":"Strona g\u0142\u00f3wna","item":"https:\/\/edgarus.com\/"},{"@type":"ListItem","position":2,"name":"Produkty","item":"https:\/\/edgarus.com\/?post_type=product"},{"@type":"ListItem","position":3,"name":"Historyczne p\u0142yty granitowe \u2013 szeroko\u015b\u0107 sta\u0142a 125 cm, r\u00f3\u017cne d\u0142ugo\u015bci"}]},{"@type":"WebSite","@id":"https:\/\/edgarus.com\/#website","url":"https:\/\/edgarus.com\/","name":"EDGARUS","description":"Z natury niezwyk\u0142e, z historii wieczne","potentialAction":[{"@type":"SearchAction","target":{"@type":"EntryPoint","urlTemplate":"https:\/\/edgarus.com\/?s={search_term_string}"},"query-input":{"@type":"PropertyValueSpecification","valueRequired":true,"valueName":"search_term_string"}}],"inLanguage":"pl-PL"}]}},"_links":{"self":[{"href":"https:\/\/edgarus.com\/index.php?rest_route=\/wp\/v2\/product\/877","targetHints":{"allow":["GET"]}}],"collection":[{"href":"https:\/\/edgarus.com\/index.php?rest_route=\/wp\/v2\/product"}],"about":[{"href":"https:\/\/edgarus.com\/index.php?rest_route=\/wp\/v2\/types\/product"}],"replies":[{"embeddable":true,"href":"https:\/\/edgarus.com\/index.php?rest_route=%2Fwp%2Fv2%2Fcomments&post=877"}],"wp:featuredmedia":[{"embeddable":true,"href":"https:\/\/edgarus.com\/index.php?rest_route=\/wp\/v2\/media\/888"}],"wp:attachment":[{"href":"https:\/\/edgarus.com\/index.php?rest_route=%2Fwp%2Fv2%2Fmedia&parent=877"}],"wp:term":[{"taxonomy":"product_brand","embeddable":true,"href":"https:\/\/edgarus.com\/index.php?rest_route=%2Fwp%2Fv2%2Fproduct_brand&post=877"},{"taxonomy":"product_cat","embeddable":true,"href":"https:\/\/edgarus.com\/index.php?rest_route=%2Fwp%2Fv2%2Fproduct_cat&post=877"},{"taxonomy":"product_tag","embeddable":true,"href":"https:\/\/edgarus.com\/index.php?rest_route=%2Fwp%2Fv2%2Fproduct_tag&post=877"}],"curies":[{"name":"wp","href":"https:\/\/api.w.org\/{rel}","templated":true}]}}