{"id":912,"date":"2025-12-16T12:57:06","date_gmt":"2025-12-16T11:57:06","guid":{"rendered":"https:\/\/edgarus.com\/?post_type=product&#038;p=912"},"modified":"2025-12-16T12:57:06","modified_gmt":"2025-12-16T11:57:06","slug":"kostka-granitowa-czarna-8x11-cm-granit-naturalny","status":"publish","type":"product","link":"https:\/\/edgarus.com\/?product=kostka-granitowa-czarna-8x11-cm-granit-naturalny","title":{"rendered":"kostka granitowa czarna 8\u00d711 cm \u2013 granit naturalny"},"content":{"rendered":"<p data-start=\"660\" data-end=\"897\">Kostka granitowa jest produktem <strong data-start=\"692\" data-end=\"706\">naturalnym<\/strong>, dlatego mog\u0105 wyst\u0119powa\u0107 <strong data-start=\"732\" data-end=\"778\">r\u00f3\u017cnice w odcieniu, strukturze i wymiarach<\/strong>, wynikaj\u0105ce z pochodzenia surowca. Odchylenia te s\u0105 cech\u0105 materia\u0142u naturalnego i nie stanowi\u0105 podstawy do reklamacji.<\/p>\n<h3 data-start=\"899\" data-end=\"920\">Warunki sprzeda\u017cy<\/h3>\n<ul data-start=\"921\" data-end=\"1237\">\n<li data-start=\"921\" data-end=\"974\">\n<p data-start=\"923\" data-end=\"974\">Cena netto dotyczy firm posiadaj\u0105cych <strong data-start=\"961\" data-end=\"974\">EU VAT ID<\/strong><\/p>\n<\/li>\n<li data-start=\"975\" data-end=\"1030\">\n<p data-start=\"977\" data-end=\"1030\">Przy zakupie prywatnym doliczany jest podatek VAT 19%<\/p>\n<\/li>\n<li data-start=\"1031\" data-end=\"1104\">\n<p data-start=\"1033\" data-end=\"1104\">Dostawa realizowana jest na terenie ca\u0142ej Europy, r\u00f3wnie\u017c do Szwajcarii<\/p>\n<\/li>\n<li data-start=\"1105\" data-end=\"1145\">\n<p data-start=\"1107\" data-end=\"1145\">Minimalna ilo\u015b\u0107 dostawy: <strong data-start=\"1132\" data-end=\"1145\">od 10 ton<\/strong><\/p>\n<\/li>\n<li data-start=\"1146\" data-end=\"1237\">\n<p data-start=\"1148\" data-end=\"1237\">Koszt transportu ustalany indywidualnie w zale\u017cno\u015bci od lokalizacji i warunk\u00f3w roz\u0142adunku<\/p>\n<\/li>\n<\/ul>\n<p data-start=\"1239\" data-end=\"1307\">\ud83d\udce9 <strong data-start=\"1242\" data-end=\"1254\">Kontakt:<\/strong> <a class=\"decorated-link cursor-pointer\" rel=\"noopener\" data-start=\"1255\" data-end=\"1271\">info@edgarus.com<\/a><br data-start=\"1271\" data-end=\"1274\" \/>\ud83d\udcde <strong data-start=\"1277\" data-end=\"1289\">Telefon:<\/strong> +48 504 109 661<\/p>\n","protected":false},"excerpt":{"rendered":"<p data-start=\"278\" data-end=\"522\">Oferujemy <strong data-start=\"288\" data-end=\"331\">now\u0105 kostk\u0119 granitow\u0105 w kolorze czarnym<\/strong> o wymiarach ok. <strong data-start=\"348\" data-end=\"361\">8 \u00d7 11 cm<\/strong>, wykonan\u0105 z naturalnego granitu. Kostka posiada <strong data-start=\"410\" data-end=\"434\">nieregularne formaty<\/strong>, jest <strong data-start=\"441\" data-end=\"468\">\u0142upana (surowo ciosana)<\/strong>, dzi\u0119ki czemu zachowuje naturalny charakter kamienia.<\/p>\n<p data-start=\"524\" data-end=\"658\">Produkt pakowany jest w <strong data-start=\"548\" data-end=\"560\">Big-Bagi<\/strong>, o wadze od <strong data-start=\"573\" data-end=\"592\">1,4 do 1,6 tony<\/strong>.<br data-start=\"593\" data-end=\"596\" \/>Z <strong data-start=\"598\" data-end=\"615\">1 tony kostki<\/strong> mo\u017cna uzyska\u0107 powierzchni\u0119 ok. <strong data-start=\"647\" data-end=\"657\">4,5 m\u00b2<\/strong>.<\/p>\n","protected":false},"featured_media":922,"comment_status":"open","ping_status":"closed","template":"","meta":{"neve_meta_sidebar":"","neve_meta_container":"","neve_meta_enable_content_width":"off","neve_meta_content_width":100,"neve_meta_title_alignment":"","neve_meta_author_avatar":"","neve_post_elements_order":"","neve_meta_disable_header":"","neve_meta_disable_footer":"","neve_meta_disable_title":""},"product_brand":[],"product_cat":[20],"product_tag":[278,279,273,282,275,276,277,280,281,274],"class_list":{"0":"post-912","1":"product","2":"type-product","3":"status-publish","4":"has-post-thumbnail","6":"product_cat-nowe-materialy","7":"product_tag-gespaltenes-granitpflaster","8":"product_tag-granitpflaster-8x11","9":"product_tag-granitpflaster-europa","10":"product_tag-granitpflaster-groshandel","11":"product_tag-granitpflaster-neu","12":"product_tag-granitpflaster-schwarz","13":"product_tag-natursteinpflaster-granit","14":"product_tag-pflastersteine-granit-schwarz","15":"product_tag-pflastersteine-naturstein","16":"product_tag-schwarzes-granitpflaster","18":"first","19":"instock","20":"shipping-taxable","21":"product-type-simple"},"yoast_head":"<!-- This site is optimized with the Yoast SEO plugin v26.6 - https:\/\/yoast.com\/wordpress\/plugins\/seo\/ -->\n<title>kostka granitowa czarna 8\u00d711 cm \u2013 granit naturalny - EDGARUS Schwarzes Granitpflaster 8\u00d711 cm | Neu &amp; gespalten<\/title>\n<meta name=\"description\" content=\"Neues schwarzes Granitpflaster in der Gr\u00f6\u00dfe ca. 8\u00d711 cm. Gespaltene, rohgehauene Pflastersteine mit unregelm\u00e4\u00dfigen Formaten aus nat\u00fcrlichem Granit. Lieferung europaweit, ideal f\u00fcr professionelle Anwendungen und Gro\u00dfabnahmen.\" \/>\n<meta name=\"robots\" content=\"index, follow, max-snippet:-1, max-image-preview:large, max-video-preview:-1\" \/>\n<link rel=\"canonical\" href=\"https:\/\/edgarus.com\/?product=kostka-granitowa-czarna-8x11-cm-granit-naturalny\" \/>\n<meta property=\"og:locale\" content=\"pl_PL\" \/>\n<meta property=\"og:type\" content=\"article\" \/>\n<meta property=\"og:title\" content=\"kostka granitowa czarna 8\u00d711 cm \u2013 granit naturalny - EDGARUS Schwarzes Granitpflaster 8\u00d711 cm | Neu &amp; gespalten\" \/>\n<meta property=\"og:description\" content=\"Neues schwarzes Granitpflaster in der Gr\u00f6\u00dfe ca. 8\u00d711 cm. Gespaltene, rohgehauene Pflastersteine mit unregelm\u00e4\u00dfigen Formaten aus nat\u00fcrlichem Granit. Lieferung europaweit, ideal f\u00fcr professionelle Anwendungen und Gro\u00dfabnahmen.\" \/>\n<meta property=\"og:url\" content=\"https:\/\/edgarus.com\/?product=kostka-granitowa-czarna-8x11-cm-granit-naturalny\" \/>\n<meta property=\"og:site_name\" content=\"EDGARUS\" \/>\n<meta name=\"twitter:card\" content=\"summary_large_image\" \/>\n<meta name=\"twitter:label1\" content=\"Szacowany czas czytania\" \/>\n\t<meta name=\"twitter:data1\" content=\"1 minuta\" \/>\n<script type=\"application\/ld+json\" class=\"yoast-schema-graph\">{\"@context\":\"https:\/\/schema.org\",\"@graph\":[{\"@type\":\"WebPage\",\"@id\":\"https:\/\/edgarus.com\/?product=kostka-granitowa-czarna-8x11-cm-granit-naturalny\",\"url\":\"https:\/\/edgarus.com\/?product=kostka-granitowa-czarna-8x11-cm-granit-naturalny\",\"name\":\"kostka granitowa czarna 8\u00d711 cm \u2013 granit naturalny - EDGARUS Schwarzes Granitpflaster 8\u00d711 cm | Neu & gespalten\",\"isPartOf\":{\"@id\":\"https:\/\/edgarus.com\/#website\"},\"primaryImageOfPage\":{\"@id\":\"https:\/\/edgarus.com\/?product=kostka-granitowa-czarna-8x11-cm-granit-naturalny#primaryimage\"},\"image\":{\"@id\":\"https:\/\/edgarus.com\/?product=kostka-granitowa-czarna-8x11-cm-granit-naturalny#primaryimage\"},\"thumbnailUrl\":\"https:\/\/edgarus.com\/wp-content\/uploads\/2025\/12\/a07d9b7a-37ec-48b5-ac14-fc07e0efac55.avif\",\"datePublished\":\"2025-12-16T11:57:06+00:00\",\"description\":\"Neues schwarzes Granitpflaster in der Gr\u00f6\u00dfe ca. 8\u00d711 cm. Gespaltene, rohgehauene Pflastersteine mit unregelm\u00e4\u00dfigen Formaten aus nat\u00fcrlichem Granit. Lieferung europaweit, ideal f\u00fcr professionelle Anwendungen und Gro\u00dfabnahmen.\",\"breadcrumb\":{\"@id\":\"https:\/\/edgarus.com\/?product=kostka-granitowa-czarna-8x11-cm-granit-naturalny#breadcrumb\"},\"inLanguage\":\"pl-PL\",\"potentialAction\":[{\"@type\":\"ReadAction\",\"target\":[\"https:\/\/edgarus.com\/?product=kostka-granitowa-czarna-8x11-cm-granit-naturalny\"]}]},{\"@type\":\"ImageObject\",\"inLanguage\":\"pl-PL\",\"@id\":\"https:\/\/edgarus.com\/?product=kostka-granitowa-czarna-8x11-cm-granit-naturalny#primaryimage\",\"url\":\"https:\/\/edgarus.com\/wp-content\/uploads\/2025\/12\/a07d9b7a-37ec-48b5-ac14-fc07e0efac55.avif\",\"contentUrl\":\"https:\/\/edgarus.com\/wp-content\/uploads\/2025\/12\/a07d9b7a-37ec-48b5-ac14-fc07e0efac55.avif\",\"width\":600,\"height\":800},{\"@type\":\"BreadcrumbList\",\"@id\":\"https:\/\/edgarus.com\/?product=kostka-granitowa-czarna-8x11-cm-granit-naturalny#breadcrumb\",\"itemListElement\":[{\"@type\":\"ListItem\",\"position\":1,\"name\":\"Strona g\u0142\u00f3wna\",\"item\":\"https:\/\/edgarus.com\/\"},{\"@type\":\"ListItem\",\"position\":2,\"name\":\"Produkty\",\"item\":\"https:\/\/edgarus.com\/?post_type=product\"},{\"@type\":\"ListItem\",\"position\":3,\"name\":\"kostka granitowa czarna 8\u00d711 cm \u2013 granit naturalny\"}]},{\"@type\":\"WebSite\",\"@id\":\"https:\/\/edgarus.com\/#website\",\"url\":\"https:\/\/edgarus.com\/\",\"name\":\"EDGARUS\",\"description\":\"Z natury niezwyk\u0142e, z historii wieczne\",\"potentialAction\":[{\"@type\":\"SearchAction\",\"target\":{\"@type\":\"EntryPoint\",\"urlTemplate\":\"https:\/\/edgarus.com\/?s={search_term_string}\"},\"query-input\":{\"@type\":\"PropertyValueSpecification\",\"valueRequired\":true,\"valueName\":\"search_term_string\"}}],\"inLanguage\":\"pl-PL\"}]}<\/script>\n<!-- \/ Yoast SEO plugin. -->","yoast_head_json":{"title":"kostka granitowa czarna 8\u00d711 cm \u2013 granit naturalny - EDGARUS Schwarzes Granitpflaster 8\u00d711 cm | Neu & gespalten","description":"Neues schwarzes Granitpflaster in der Gr\u00f6\u00dfe ca. 8\u00d711 cm. Gespaltene, rohgehauene Pflastersteine mit unregelm\u00e4\u00dfigen Formaten aus nat\u00fcrlichem Granit. Lieferung europaweit, ideal f\u00fcr professionelle Anwendungen und Gro\u00dfabnahmen.","robots":{"index":"index","follow":"follow","max-snippet":"max-snippet:-1","max-image-preview":"max-image-preview:large","max-video-preview":"max-video-preview:-1"},"canonical":"https:\/\/edgarus.com\/?product=kostka-granitowa-czarna-8x11-cm-granit-naturalny","og_locale":"pl_PL","og_type":"article","og_title":"kostka granitowa czarna 8\u00d711 cm \u2013 granit naturalny - EDGARUS Schwarzes Granitpflaster 8\u00d711 cm | Neu & gespalten","og_description":"Neues schwarzes Granitpflaster in der Gr\u00f6\u00dfe ca. 8\u00d711 cm. Gespaltene, rohgehauene Pflastersteine mit unregelm\u00e4\u00dfigen Formaten aus nat\u00fcrlichem Granit. Lieferung europaweit, ideal f\u00fcr professionelle Anwendungen und Gro\u00dfabnahmen.","og_url":"https:\/\/edgarus.com\/?product=kostka-granitowa-czarna-8x11-cm-granit-naturalny","og_site_name":"EDGARUS","twitter_card":"summary_large_image","twitter_misc":{"Szacowany czas czytania":"1 minuta"},"schema":{"@context":"https:\/\/schema.org","@graph":[{"@type":"WebPage","@id":"https:\/\/edgarus.com\/?product=kostka-granitowa-czarna-8x11-cm-granit-naturalny","url":"https:\/\/edgarus.com\/?product=kostka-granitowa-czarna-8x11-cm-granit-naturalny","name":"kostka granitowa czarna 8\u00d711 cm \u2013 granit naturalny - EDGARUS Schwarzes Granitpflaster 8\u00d711 cm | Neu & gespalten","isPartOf":{"@id":"https:\/\/edgarus.com\/#website"},"primaryImageOfPage":{"@id":"https:\/\/edgarus.com\/?product=kostka-granitowa-czarna-8x11-cm-granit-naturalny#primaryimage"},"image":{"@id":"https:\/\/edgarus.com\/?product=kostka-granitowa-czarna-8x11-cm-granit-naturalny#primaryimage"},"thumbnailUrl":"https:\/\/edgarus.com\/wp-content\/uploads\/2025\/12\/a07d9b7a-37ec-48b5-ac14-fc07e0efac55.avif","datePublished":"2025-12-16T11:57:06+00:00","description":"Neues schwarzes Granitpflaster in der Gr\u00f6\u00dfe ca. 8\u00d711 cm. Gespaltene, rohgehauene Pflastersteine mit unregelm\u00e4\u00dfigen Formaten aus nat\u00fcrlichem Granit. Lieferung europaweit, ideal f\u00fcr professionelle Anwendungen und Gro\u00dfabnahmen.","breadcrumb":{"@id":"https:\/\/edgarus.com\/?product=kostka-granitowa-czarna-8x11-cm-granit-naturalny#breadcrumb"},"inLanguage":"pl-PL","potentialAction":[{"@type":"ReadAction","target":["https:\/\/edgarus.com\/?product=kostka-granitowa-czarna-8x11-cm-granit-naturalny"]}]},{"@type":"ImageObject","inLanguage":"pl-PL","@id":"https:\/\/edgarus.com\/?product=kostka-granitowa-czarna-8x11-cm-granit-naturalny#primaryimage","url":"https:\/\/edgarus.com\/wp-content\/uploads\/2025\/12\/a07d9b7a-37ec-48b5-ac14-fc07e0efac55.avif","contentUrl":"https:\/\/edgarus.com\/wp-content\/uploads\/2025\/12\/a07d9b7a-37ec-48b5-ac14-fc07e0efac55.avif","width":600,"height":800},{"@type":"BreadcrumbList","@id":"https:\/\/edgarus.com\/?product=kostka-granitowa-czarna-8x11-cm-granit-naturalny#breadcrumb","itemListElement":[{"@type":"ListItem","position":1,"name":"Strona g\u0142\u00f3wna","item":"https:\/\/edgarus.com\/"},{"@type":"ListItem","position":2,"name":"Produkty","item":"https:\/\/edgarus.com\/?post_type=product"},{"@type":"ListItem","position":3,"name":"kostka granitowa czarna 8\u00d711 cm \u2013 granit naturalny"}]},{"@type":"WebSite","@id":"https:\/\/edgarus.com\/#website","url":"https:\/\/edgarus.com\/","name":"EDGARUS","description":"Z natury niezwyk\u0142e, z historii wieczne","potentialAction":[{"@type":"SearchAction","target":{"@type":"EntryPoint","urlTemplate":"https:\/\/edgarus.com\/?s={search_term_string}"},"query-input":{"@type":"PropertyValueSpecification","valueRequired":true,"valueName":"search_term_string"}}],"inLanguage":"pl-PL"}]}},"_links":{"self":[{"href":"https:\/\/edgarus.com\/index.php?rest_route=\/wp\/v2\/product\/912","targetHints":{"allow":["GET"]}}],"collection":[{"href":"https:\/\/edgarus.com\/index.php?rest_route=\/wp\/v2\/product"}],"about":[{"href":"https:\/\/edgarus.com\/index.php?rest_route=\/wp\/v2\/types\/product"}],"replies":[{"embeddable":true,"href":"https:\/\/edgarus.com\/index.php?rest_route=%2Fwp%2Fv2%2Fcomments&post=912"}],"wp:featuredmedia":[{"embeddable":true,"href":"https:\/\/edgarus.com\/index.php?rest_route=\/wp\/v2\/media\/922"}],"wp:attachment":[{"href":"https:\/\/edgarus.com\/index.php?rest_route=%2Fwp%2Fv2%2Fmedia&parent=912"}],"wp:term":[{"taxonomy":"product_brand","embeddable":true,"href":"https:\/\/edgarus.com\/index.php?rest_route=%2Fwp%2Fv2%2Fproduct_brand&post=912"},{"taxonomy":"product_cat","embeddable":true,"href":"https:\/\/edgarus.com\/index.php?rest_route=%2Fwp%2Fv2%2Fproduct_cat&post=912"},{"taxonomy":"product_tag","embeddable":true,"href":"https:\/\/edgarus.com\/index.php?rest_route=%2Fwp%2Fv2%2Fproduct_tag&post=912"}],"curies":[{"name":"wp","href":"https:\/\/api.w.org\/{rel}","templated":true}]}}