{"id":974,"date":"2025-12-18T12:09:38","date_gmt":"2025-12-18T11:09:38","guid":{"rendered":"https:\/\/edgarus.com\/?post_type=product&#038;p=974"},"modified":"2025-12-18T12:09:38","modified_gmt":"2025-12-18T11:09:38","slug":"antyczna-kostka-granitowa-18x18-cm-granit-szaro-zolty-recznie-lupany","status":"publish","type":"product","link":"https:\/\/edgarus.com\/?product=antyczna-kostka-granitowa-18x18-cm-granit-szaro-zolty-recznie-lupany","title":{"rendered":"Antyczna kostka granitowa 18\u00d718 cm \u2013 granit szaro-\u017c\u00f3\u0142ty, r\u0119cznie \u0142upany"},"content":{"rendered":"<h3 data-start=\"1534\" data-end=\"1558\">Logistyka i dostawa:<\/h3>\n<ul data-start=\"1559\" data-end=\"1775\">\n<li data-start=\"1559\" data-end=\"1603\">\n<p data-start=\"1561\" data-end=\"1603\">dostawy na terenie UE oraz do Szwajcarii<\/p>\n<\/li>\n<li data-start=\"1604\" data-end=\"1640\">\n<p data-start=\"1606\" data-end=\"1640\">transport ustalany indywidualnie<\/p>\n<\/li>\n<li data-start=\"1641\" data-end=\"1695\">\n<p data-start=\"1643\" data-end=\"1695\">mo\u017cliwo\u015b\u0107 za\u0142adunku na samochody ci\u0119\u017carowe do 25 t<\/p>\n<\/li>\n<li data-start=\"1696\" data-end=\"1775\">\n<p data-start=\"1698\" data-end=\"1775\">koszty transportu zale\u017cne od ilo\u015bci, wagi, odleg\u0142o\u015bci i warunk\u00f3w roz\u0142adunku<\/p>\n<\/li>\n<\/ul>\n<h3 data-start=\"1777\" data-end=\"1802\">Informacje dodatkowe:<\/h3>\n<p data-start=\"1803\" data-end=\"1967\">Kamie\u0144 naturalny mo\u017ce wykazywa\u0107 <strong data-start=\"1835\" data-end=\"1880\">r\u00f3\u017cnice w kolorze, strukturze i wymiarach<\/strong>, wynikaj\u0105ce z pochodzenia oraz wieku materia\u0142u. Nie stanowi to podstawy do reklamacji.<\/p>\n","protected":false},"excerpt":{"rendered":"<p data-start=\"561\" data-end=\"767\">Oferujemy <strong data-start=\"571\" data-end=\"600\">antyczn\u0105 kostk\u0119 granitow\u0105<\/strong> w kolorystyce szaro-\u017c\u00f3\u0142tej, o wymiarach ok. <strong data-start=\"645\" data-end=\"659\">18 \u00d7 18 cm<\/strong> i wysoko\u015bci <strong data-start=\"672\" data-end=\"683\">8\u201310 cm<\/strong>. Materia\u0142 pochodzi z historycznych nawierzchni miejskich i liczy oko\u0142o <strong data-start=\"755\" data-end=\"766\">200 lat<\/strong>.<\/p>\n<p data-start=\"769\" data-end=\"976\">Kostka zosta\u0142a <strong data-start=\"784\" data-end=\"802\">r\u0119cznie \u0142upana<\/strong>, zachowuj\u0105c oryginalny charakter starego kamienia. Naturalna struktura oraz patyna wynikaj\u0105ca z wieloletniej eksploatacji nadaj\u0105 materia\u0142owi autentyczny, historyczny wygl\u0105d.<\/p>\n<h3 data-start=\"978\" data-end=\"995\">Specyfikacja:<\/h3>\n<ul data-start=\"996\" data-end=\"1163\">\n<li data-start=\"996\" data-end=\"1026\">\n<p data-start=\"998\" data-end=\"1026\">materia\u0142: granit naturalny<\/p>\n<\/li>\n<li data-start=\"1027\" data-end=\"1059\">\n<p data-start=\"1029\" data-end=\"1059\">charakter: materia\u0142 antyczny<\/p>\n<\/li>\n<li data-start=\"1060\" data-end=\"1081\">\n<p data-start=\"1062\" data-end=\"1081\">wiek: ok. 200 lat<\/p>\n<\/li>\n<li data-start=\"1082\" data-end=\"1109\">\n<p data-start=\"1084\" data-end=\"1109\">wymiary: ok. 18 \u00d7 18 cm<\/p>\n<\/li>\n<li data-start=\"1110\" data-end=\"1135\">\n<p data-start=\"1112\" data-end=\"1135\">wysoko\u015b\u0107: ok. 8\u201310 cm<\/p>\n<\/li>\n<li data-start=\"1136\" data-end=\"1163\">\n<p data-start=\"1138\" data-end=\"1163\">obr\u00f3bka: r\u0119cznie \u0142upana<\/p>\n<\/li>\n<\/ul>\n<h3 data-start=\"1165\" data-end=\"1179\">Wydajno\u015b\u0107:<\/h3>\n<ul data-start=\"1180\" data-end=\"1222\">\n<li data-start=\"1180\" data-end=\"1222\">\n<p data-start=\"1182\" data-end=\"1222\"><strong data-start=\"1182\" data-end=\"1192\">1 tona<\/strong>: ok. <strong data-start=\"1198\" data-end=\"1208\">6,0 m\u00b2<\/strong> nawierzchni<\/p>\n<\/li>\n<\/ul>\n<h3 data-start=\"1224\" data-end=\"1238\">Pakowanie:<\/h3>\n<ul data-start=\"1239\" data-end=\"1297\">\n<li data-start=\"1239\" data-end=\"1262\">\n<p data-start=\"1241\" data-end=\"1262\">Big-Bag (1,3\u20131,5 t)<\/p>\n<\/li>\n<li data-start=\"1263\" data-end=\"1297\">\n<p data-start=\"1265\" data-end=\"1297\">palety drewniane (ok. 1,8\u20132,2 t)<\/p>\n<\/li>\n<\/ul>\n<h3 data-start=\"1299\" data-end=\"1308\">Cena:<\/h3>\n<ul data-start=\"1309\" data-end=\"1367\">\n<li data-start=\"1309\" data-end=\"1335\">\n<p data-start=\"1311\" data-end=\"1335\"><strong data-start=\"1311\" data-end=\"1333\">65,00 \u20ac netto \/ m\u00b2<\/strong><\/p>\n<\/li>\n<li data-start=\"1336\" data-end=\"1367\">\n<p data-start=\"1338\" data-end=\"1367\"><strong data-start=\"1338\" data-end=\"1367\">6 500,00 \u20ac netto \/ 100 m\u00b2<\/strong><\/p>\n<\/li>\n<\/ul>\n<p data-start=\"1369\" data-end=\"1489\">Cena netto dotyczy firm posiadaj\u0105cych europejski numer VAT UE.<br data-start=\"1431\" data-end=\"1434\" \/>Dla klient\u00f3w prywatnych doliczany jest podatek VAT 19%.<\/p>\n<h3 data-start=\"1491\" data-end=\"1506\">Dost\u0119pno\u015b\u0107:<\/h3>\n<ul data-start=\"1507\" data-end=\"1532\">\n<li data-start=\"1507\" data-end=\"1532\">\n<p data-start=\"1509\" data-end=\"1532\"><strong data-start=\"1509\" data-end=\"1532\">ok. 500 m\u00b2 dost\u0119pne<\/strong><\/p>\n<\/li>\n<\/ul>\n","protected":false},"featured_media":978,"comment_status":"open","ping_status":"closed","template":"","meta":{"neve_meta_sidebar":"","neve_meta_container":"","neve_meta_enable_content_width":"off","neve_meta_content_width":100,"neve_meta_title_alignment":"","neve_meta_author_avatar":"","neve_post_elements_order":"","neve_meta_disable_header":"","neve_meta_disable_footer":"","neve_meta_disable_title":""},"product_brand":[],"product_cat":[19],"product_tag":[300,219,304,268,222,273,251,303,306,297,233,308,299,305,307],"class_list":{"0":"post-974","1":"product","2":"type-product","3":"status-publish","4":"has-post-thumbnail","6":"product_cat-antyczne-materialy","7":"product_tag-antiker-naturstein","8":"product_tag-antikes-granitpflaster","9":"product_tag-antikes-pflaster-18x18","10":"product_tag-antikes-reihenpflaster","11":"product_tag-granit-pflastersteine","12":"product_tag-granitpflaster-europa","13":"product_tag-granitpflaster-grau-gelb","14":"product_tag-granitpflaster-historisch","15":"product_tag-handgeschlagenes-pflaster","16":"product_tag-historische-baustoffe","17":"product_tag-historisches-strasenpflaster","18":"product_tag-naturstein-b2b","19":"product_tag-naturstein-groshandel","20":"product_tag-naturstein-pflaster","21":"product_tag-pflastersteine-antik","23":"first","24":"instock","25":"shipping-taxable","26":"product-type-simple"},"yoast_head":"<!-- This site is optimized with the Yoast SEO plugin v26.6 - https:\/\/yoast.com\/wordpress\/plugins\/seo\/ -->\n<title>Antyczna kostka granitowa 18\u00d718 cm \u2013 granit szaro-\u017c\u00f3\u0142ty, r\u0119cznie \u0142upany - EDGARUS Antikes Granitpflaster 18\u00d718 cm | grau-gelb | handgeschlagen<\/title>\n<meta name=\"description\" content=\"Antikes Granitpflaster 18\u00d718 cm aus grau-gelbem Granit. Ca. 200 Jahre alt, handgeschlagen, hohe Ergiebigkeit ca. 6 m\u00b2 pro Tonne. Lieferung EU-weit.\" \/>\n<meta name=\"robots\" content=\"index, follow, max-snippet:-1, max-image-preview:large, max-video-preview:-1\" \/>\n<link rel=\"canonical\" href=\"https:\/\/edgarus.com\/?product=antyczna-kostka-granitowa-18x18-cm-granit-szaro-zolty-recznie-lupany\" \/>\n<meta property=\"og:locale\" content=\"pl_PL\" \/>\n<meta property=\"og:type\" content=\"article\" \/>\n<meta property=\"og:title\" content=\"Antyczna kostka granitowa 18\u00d718 cm \u2013 granit szaro-\u017c\u00f3\u0142ty, r\u0119cznie \u0142upany - EDGARUS Antikes Granitpflaster 18\u00d718 cm | grau-gelb | handgeschlagen\" \/>\n<meta property=\"og:description\" content=\"Antikes Granitpflaster 18\u00d718 cm aus grau-gelbem Granit. Ca. 200 Jahre alt, handgeschlagen, hohe Ergiebigkeit ca. 6 m\u00b2 pro Tonne. Lieferung EU-weit.\" \/>\n<meta property=\"og:url\" content=\"https:\/\/edgarus.com\/?product=antyczna-kostka-granitowa-18x18-cm-granit-szaro-zolty-recznie-lupany\" \/>\n<meta property=\"og:site_name\" content=\"EDGARUS\" \/>\n<meta name=\"twitter:card\" content=\"summary_large_image\" \/>\n<meta name=\"twitter:label1\" content=\"Szacowany czas czytania\" \/>\n\t<meta name=\"twitter:data1\" content=\"1 minuta\" \/>\n<script type=\"application\/ld+json\" class=\"yoast-schema-graph\">{\"@context\":\"https:\/\/schema.org\",\"@graph\":[{\"@type\":\"WebPage\",\"@id\":\"https:\/\/edgarus.com\/?product=antyczna-kostka-granitowa-18x18-cm-granit-szaro-zolty-recznie-lupany\",\"url\":\"https:\/\/edgarus.com\/?product=antyczna-kostka-granitowa-18x18-cm-granit-szaro-zolty-recznie-lupany\",\"name\":\"Antyczna kostka granitowa 18\u00d718 cm \u2013 granit szaro-\u017c\u00f3\u0142ty, r\u0119cznie \u0142upany - EDGARUS Antikes Granitpflaster 18\u00d718 cm | grau-gelb | handgeschlagen\",\"isPartOf\":{\"@id\":\"https:\/\/edgarus.com\/#website\"},\"primaryImageOfPage\":{\"@id\":\"https:\/\/edgarus.com\/?product=antyczna-kostka-granitowa-18x18-cm-granit-szaro-zolty-recznie-lupany#primaryimage\"},\"image\":{\"@id\":\"https:\/\/edgarus.com\/?product=antyczna-kostka-granitowa-18x18-cm-granit-szaro-zolty-recznie-lupany#primaryimage\"},\"thumbnailUrl\":\"https:\/\/edgarus.com\/wp-content\/uploads\/2025\/12\/4f7a7754-0eaa-4c01-b821-2a264ce77eac.avif\",\"datePublished\":\"2025-12-18T11:09:38+00:00\",\"description\":\"Antikes Granitpflaster 18\u00d718 cm aus grau-gelbem Granit. Ca. 200 Jahre alt, handgeschlagen, hohe Ergiebigkeit ca. 6 m\u00b2 pro Tonne. Lieferung EU-weit.\",\"breadcrumb\":{\"@id\":\"https:\/\/edgarus.com\/?product=antyczna-kostka-granitowa-18x18-cm-granit-szaro-zolty-recznie-lupany#breadcrumb\"},\"inLanguage\":\"pl-PL\",\"potentialAction\":[{\"@type\":\"ReadAction\",\"target\":[\"https:\/\/edgarus.com\/?product=antyczna-kostka-granitowa-18x18-cm-granit-szaro-zolty-recznie-lupany\"]}]},{\"@type\":\"ImageObject\",\"inLanguage\":\"pl-PL\",\"@id\":\"https:\/\/edgarus.com\/?product=antyczna-kostka-granitowa-18x18-cm-granit-szaro-zolty-recznie-lupany#primaryimage\",\"url\":\"https:\/\/edgarus.com\/wp-content\/uploads\/2025\/12\/4f7a7754-0eaa-4c01-b821-2a264ce77eac.avif\",\"contentUrl\":\"https:\/\/edgarus.com\/wp-content\/uploads\/2025\/12\/4f7a7754-0eaa-4c01-b821-2a264ce77eac.avif\",\"width\":1600,\"height\":1200},{\"@type\":\"BreadcrumbList\",\"@id\":\"https:\/\/edgarus.com\/?product=antyczna-kostka-granitowa-18x18-cm-granit-szaro-zolty-recznie-lupany#breadcrumb\",\"itemListElement\":[{\"@type\":\"ListItem\",\"position\":1,\"name\":\"Strona g\u0142\u00f3wna\",\"item\":\"https:\/\/edgarus.com\/\"},{\"@type\":\"ListItem\",\"position\":2,\"name\":\"Produkty\",\"item\":\"https:\/\/edgarus.com\/?post_type=product\"},{\"@type\":\"ListItem\",\"position\":3,\"name\":\"Antyczna kostka granitowa 18\u00d718 cm \u2013 granit szaro-\u017c\u00f3\u0142ty, r\u0119cznie \u0142upany\"}]},{\"@type\":\"WebSite\",\"@id\":\"https:\/\/edgarus.com\/#website\",\"url\":\"https:\/\/edgarus.com\/\",\"name\":\"EDGARUS\",\"description\":\"Z natury niezwyk\u0142e, z historii wieczne\",\"potentialAction\":[{\"@type\":\"SearchAction\",\"target\":{\"@type\":\"EntryPoint\",\"urlTemplate\":\"https:\/\/edgarus.com\/?s={search_term_string}\"},\"query-input\":{\"@type\":\"PropertyValueSpecification\",\"valueRequired\":true,\"valueName\":\"search_term_string\"}}],\"inLanguage\":\"pl-PL\"}]}<\/script>\n<!-- \/ Yoast SEO plugin. -->","yoast_head_json":{"title":"Antyczna kostka granitowa 18\u00d718 cm \u2013 granit szaro-\u017c\u00f3\u0142ty, r\u0119cznie \u0142upany - EDGARUS Antikes Granitpflaster 18\u00d718 cm | grau-gelb | handgeschlagen","description":"Antikes Granitpflaster 18\u00d718 cm aus grau-gelbem Granit. Ca. 200 Jahre alt, handgeschlagen, hohe Ergiebigkeit ca. 6 m\u00b2 pro Tonne. Lieferung EU-weit.","robots":{"index":"index","follow":"follow","max-snippet":"max-snippet:-1","max-image-preview":"max-image-preview:large","max-video-preview":"max-video-preview:-1"},"canonical":"https:\/\/edgarus.com\/?product=antyczna-kostka-granitowa-18x18-cm-granit-szaro-zolty-recznie-lupany","og_locale":"pl_PL","og_type":"article","og_title":"Antyczna kostka granitowa 18\u00d718 cm \u2013 granit szaro-\u017c\u00f3\u0142ty, r\u0119cznie \u0142upany - EDGARUS Antikes Granitpflaster 18\u00d718 cm | grau-gelb | handgeschlagen","og_description":"Antikes Granitpflaster 18\u00d718 cm aus grau-gelbem Granit. Ca. 200 Jahre alt, handgeschlagen, hohe Ergiebigkeit ca. 6 m\u00b2 pro Tonne. Lieferung EU-weit.","og_url":"https:\/\/edgarus.com\/?product=antyczna-kostka-granitowa-18x18-cm-granit-szaro-zolty-recznie-lupany","og_site_name":"EDGARUS","twitter_card":"summary_large_image","twitter_misc":{"Szacowany czas czytania":"1 minuta"},"schema":{"@context":"https:\/\/schema.org","@graph":[{"@type":"WebPage","@id":"https:\/\/edgarus.com\/?product=antyczna-kostka-granitowa-18x18-cm-granit-szaro-zolty-recznie-lupany","url":"https:\/\/edgarus.com\/?product=antyczna-kostka-granitowa-18x18-cm-granit-szaro-zolty-recznie-lupany","name":"Antyczna kostka granitowa 18\u00d718 cm \u2013 granit szaro-\u017c\u00f3\u0142ty, r\u0119cznie \u0142upany - EDGARUS Antikes Granitpflaster 18\u00d718 cm | grau-gelb | handgeschlagen","isPartOf":{"@id":"https:\/\/edgarus.com\/#website"},"primaryImageOfPage":{"@id":"https:\/\/edgarus.com\/?product=antyczna-kostka-granitowa-18x18-cm-granit-szaro-zolty-recznie-lupany#primaryimage"},"image":{"@id":"https:\/\/edgarus.com\/?product=antyczna-kostka-granitowa-18x18-cm-granit-szaro-zolty-recznie-lupany#primaryimage"},"thumbnailUrl":"https:\/\/edgarus.com\/wp-content\/uploads\/2025\/12\/4f7a7754-0eaa-4c01-b821-2a264ce77eac.avif","datePublished":"2025-12-18T11:09:38+00:00","description":"Antikes Granitpflaster 18\u00d718 cm aus grau-gelbem Granit. Ca. 200 Jahre alt, handgeschlagen, hohe Ergiebigkeit ca. 6 m\u00b2 pro Tonne. Lieferung EU-weit.","breadcrumb":{"@id":"https:\/\/edgarus.com\/?product=antyczna-kostka-granitowa-18x18-cm-granit-szaro-zolty-recznie-lupany#breadcrumb"},"inLanguage":"pl-PL","potentialAction":[{"@type":"ReadAction","target":["https:\/\/edgarus.com\/?product=antyczna-kostka-granitowa-18x18-cm-granit-szaro-zolty-recznie-lupany"]}]},{"@type":"ImageObject","inLanguage":"pl-PL","@id":"https:\/\/edgarus.com\/?product=antyczna-kostka-granitowa-18x18-cm-granit-szaro-zolty-recznie-lupany#primaryimage","url":"https:\/\/edgarus.com\/wp-content\/uploads\/2025\/12\/4f7a7754-0eaa-4c01-b821-2a264ce77eac.avif","contentUrl":"https:\/\/edgarus.com\/wp-content\/uploads\/2025\/12\/4f7a7754-0eaa-4c01-b821-2a264ce77eac.avif","width":1600,"height":1200},{"@type":"BreadcrumbList","@id":"https:\/\/edgarus.com\/?product=antyczna-kostka-granitowa-18x18-cm-granit-szaro-zolty-recznie-lupany#breadcrumb","itemListElement":[{"@type":"ListItem","position":1,"name":"Strona g\u0142\u00f3wna","item":"https:\/\/edgarus.com\/"},{"@type":"ListItem","position":2,"name":"Produkty","item":"https:\/\/edgarus.com\/?post_type=product"},{"@type":"ListItem","position":3,"name":"Antyczna kostka granitowa 18\u00d718 cm \u2013 granit szaro-\u017c\u00f3\u0142ty, r\u0119cznie \u0142upany"}]},{"@type":"WebSite","@id":"https:\/\/edgarus.com\/#website","url":"https:\/\/edgarus.com\/","name":"EDGARUS","description":"Z natury niezwyk\u0142e, z historii wieczne","potentialAction":[{"@type":"SearchAction","target":{"@type":"EntryPoint","urlTemplate":"https:\/\/edgarus.com\/?s={search_term_string}"},"query-input":{"@type":"PropertyValueSpecification","valueRequired":true,"valueName":"search_term_string"}}],"inLanguage":"pl-PL"}]}},"_links":{"self":[{"href":"https:\/\/edgarus.com\/index.php?rest_route=\/wp\/v2\/product\/974","targetHints":{"allow":["GET"]}}],"collection":[{"href":"https:\/\/edgarus.com\/index.php?rest_route=\/wp\/v2\/product"}],"about":[{"href":"https:\/\/edgarus.com\/index.php?rest_route=\/wp\/v2\/types\/product"}],"replies":[{"embeddable":true,"href":"https:\/\/edgarus.com\/index.php?rest_route=%2Fwp%2Fv2%2Fcomments&post=974"}],"wp:featuredmedia":[{"embeddable":true,"href":"https:\/\/edgarus.com\/index.php?rest_route=\/wp\/v2\/media\/978"}],"wp:attachment":[{"href":"https:\/\/edgarus.com\/index.php?rest_route=%2Fwp%2Fv2%2Fmedia&parent=974"}],"wp:term":[{"taxonomy":"product_brand","embeddable":true,"href":"https:\/\/edgarus.com\/index.php?rest_route=%2Fwp%2Fv2%2Fproduct_brand&post=974"},{"taxonomy":"product_cat","embeddable":true,"href":"https:\/\/edgarus.com\/index.php?rest_route=%2Fwp%2Fv2%2Fproduct_cat&post=974"},{"taxonomy":"product_tag","embeddable":true,"href":"https:\/\/edgarus.com\/index.php?rest_route=%2Fwp%2Fv2%2Fproduct_tag&post=974"}],"curies":[{"name":"wp","href":"https:\/\/api.w.org\/{rel}","templated":true}]}}